{"id":1679,"date":"2025-05-02T09:28:22","date_gmt":"2025-05-02T08:28:22","guid":{"rendered":"https:\/\/www.ino.global\/?page_id=1679"},"modified":"2025-10-09T10:06:38","modified_gmt":"2025-10-09T09:06:38","slug":"avisos-legales","status":"publish","type":"page","link":"https:\/\/www.ino.global\/es\/legal-notices\/","title":{"rendered":"Menciones legales"},"content":{"rendered":"<div class='breakdance'><section class=\"bde-section-1679-122 bde-section\">\n  \n  \n\t\n\n\n\n<div class=\"section-container\"><div class=\"bde-div-1679-123 bde-div\">\n  \n  \n\t\n\n\n\n<h1 class=\"bde-heading-1679-104 bde-heading\">\nAvisos legales\n<\/h1>\n<\/div><\/div>\n<\/section><section class=\"bde-section-1679-100 bde-section\">\n  \n  \n\t\n\n\n\n<div class=\"section-container\"><div class=\"bde-rich-text-1679-103 bde-rich-text breakdance-rich-text-styles\">\n<h2>Identificaci\u00f3n<\/h2><p>El sitio web <a href=\"https:\/\/www.ino.global\/es\/\">https:\/\/www.ino.global<\/a> es propiedad de <strong>INO Telecom<\/strong>, una sociedad por acciones simplificada (SAS) con un capital de 100.000 \u20ac, registrada en el Registro Mercantil de Montpellier con el n\u00famero <strong>498 454 412<\/strong>y con n\u00famero de IVA <strong>FR93 498454412<\/strong>.<\/p><p>La sede de INO Telecom se encuentra en:<\/p><blockquote><p><strong>INO TELECOM<\/strong><br \/>48, Rue Claude Balbastre<br \/>34070 Montpellier - Francia<\/p><\/blockquote><p>Puede contactarnos en <strong><a href=\"mailto:contact@ino.global\">contact@ino.global<\/a><\/strong> o por tel\u00e9fono al <strong>+33 (0)811 23 02 30<\/strong>.<\/p><h2>T\u00e9rminos de uso<\/h2><p>El uso de este sitio implica la aceptaci\u00f3n plena y sin reservas de los t\u00e9rminos aqu\u00ed descritos. Estos t\u00e9rminos pueden actualizarse en cualquier momento sin previo aviso.<\/p><p>El contenido se proporciona \u00fanicamente con fines informativos y no tiene ning\u00fan valor legal o contractual. INO Telecom no se hace responsable de da\u00f1os directos o indirectos derivados del uso de este sitio.<\/p><h2>Propiedad intelectual<\/h2><p>Salvo indicaci\u00f3n contraria, todo el contenido de este sitio (textos, im\u00e1genes, gr\u00e1ficos, logotipos, iconos, sonidos, software, etc.) es propiedad intelectual exclusiva de sus autores.<\/p><p>Cualquier reproducci\u00f3n, representaci\u00f3n, modificaci\u00f3n o distribuci\u00f3n del contenido del sitio, total o parcial, est\u00e1 prohibida sin el consentimiento previo por escrito.<\/p><p>El uso no autorizado del sitio o de su contenido constituye una infracci\u00f3n y puede dar lugar a acciones legales.<\/p><h2>Links externos e internos<\/h2><p><strong>Enlaces salientes:<\/strong> INO Telecom no se responsabiliza por el contenido, la seguridad o la legalidad de los sitios de terceros enlazados mediante hiperv\u00ednculos.<\/p><p><strong>Enlaces entrantes:<\/strong> Est\u00e1 permitido enlazar a cualquier p\u00e1gina de este sitio siempre que:<\/p><ul><li><p>El enlace se abra en una nueva ventana del navegador;<\/p><\/li><li><p>La fuente est\u00e9 claramente identificada para evitar confusi\u00f3n;<\/p><\/li><li><p>El enlace no sea enga\u00f1oso ni difamatorio.<\/p><\/li><\/ul><p>INO Telecom se reserva el derecho de solicitar la eliminaci\u00f3n de cualquier enlace que considere inapropiado.<\/p><h2>Cookies<\/h2><p>Este sitio utiliza cookies para mejorar la experiencia del usuario y recopilar datos estad\u00edsticos an\u00f3nimos. Algunas funciones (como la reproducci\u00f3n de videos) pueden no funcionar sin cookies.<\/p><h2>Protecci\u00f3n de datos personales (RGPD)<\/h2><p>INO Telecom trata los datos personales de acuerdo con el <strong>Reglamento General de Protecci\u00f3n de Datos (RGPD)<\/strong>.<\/p><h3>Responsable del tratamiento<\/h3><p>INO TELECOM<br \/>48 Rue Claude Balbastre<br \/>34070 Montpellier - Francia<br \/><strong>Contacto DPO:<\/strong> <a href=\"mailto:rgpd@ino.global\">rgpd@ino.global<\/a><\/p><h3>Finalidad y base legal<\/h3><p>Recopilamos y procesamos sus datos personales con los siguientes fines:<\/p>\n<\/div><div class=\"bde-columns-1679-105 bde-columns\"><div class=\"bde-column-1679-106 bde-column\">\n  \n  \n\t\n\n\n\n<div class=\"bde-text-1679-108 bde-text\">\nFinalidad\n<\/div><div class=\"bde-text-1679-109 bde-text\">\nProcesamiento de solicitudes de contacto o informaci\u00f3n\n<\/div><div class=\"bde-text-1679-114 bde-text\">\nEnv\u00edo de comunicaciones comerciales\n<\/div><div class=\"bde-text-1679-113 bde-text\">\nAcceso a repeticiones o contenido\n<\/div><div class=\"bde-text-1679-116 bde-text\">\nRendimiento del sitio y an\u00e1lisis\n<\/div><div class=\"bde-text-1679-115 bde-text\">\nSeguimiento de ventas y marketing\n<\/div>\n<\/div><div class=\"bde-column-1679-107 bde-column\">\n  \n  \n\t\n\n\n\n<div class=\"bde-text-1679-110 bde-text\">\nBase legal\n<\/div><div class=\"bde-text-1679-112 bde-text\">\nInter\u00e9s leg\u00edtimo o contrato\n<\/div><div class=\"bde-text-1679-120 bde-text\">\nConsentimiento\n<\/div><div class=\"bde-text-1679-119 bde-text\">\nInter\u00e9s leg\u00edtimo\n<\/div><div class=\"bde-text-1679-118 bde-text\">\nConsentimiento (a trav\u00e9s del banner de cookies)\n<\/div><div class=\"bde-text-1679-117 bde-text\">\nInter\u00e9s leg\u00edtimo\n<\/div>\n<\/div><\/div><div class=\"bde-rich-text-1679-121 bde-rich-text breakdance-rich-text-styles\">\n<h3>Conservaci\u00f3n de los datos<\/h3><p>Los datos personales se conservan solo durante el tiempo necesario para cumplir con los fines para los que fueron recopilados, incluyendo requisitos legales, contables o de informes. La duraci\u00f3n puede variar seg\u00fan la naturaleza de la solicitud o interacci\u00f3n.<\/p><h3>Destinatarios de los datos<\/h3><p>Sus datos pueden compartirse con:<\/p><ul><li><p>Nuestros equipos internos de ventas y marketing;<\/p><\/li><li><p>Proveedores de servicios externos:<\/p><ul><li><p><strong>ZOHO<\/strong> (CRM, correos electr\u00f3nicos de marketing)<\/p><\/li><li><p><strong>Google Analytics<\/strong> (an\u00e1lisis de tr\u00e1fico web)<\/p><\/li><\/ul><\/li><\/ul><h3>Sus derechos<\/h3><p>De acuerdo con el RGPD, usted tiene derecho a:<\/p><ul><li><p>Acceder a sus datos personales<\/p><\/li><li><p>Corregir o actualizar datos inexactos<\/p><\/li><li><p>Solicitar la eliminaci\u00f3n (derecho al olvido)<\/p><\/li><li><p>Retirar su consentimiento en cualquier momento<\/p><\/li><li><p>Oponerse al tratamiento o solicitar su restricci\u00f3n<\/p><\/li><li><p>Solicitar la portabilidad de sus datos<\/p><\/li><\/ul><p>Para ejercer sus derechos, p\u00f3ngase en contacto con <a href=\"mailto:rgpd@ino.global\"><strong>rgpd@ino.global<\/strong>\u00a0<\/a>o escriba a<\/p><p>INO TELECOM\u00a0<br \/>48 Rue Claude Balbastre<br \/>34070 Montpellier - Francia<\/p><p>Para verificar su identidad y garantizar la confidencialidad de los datos, puede requerirse una copia certificada de un documento de identidad v\u00e1lido (pasaporte o c\u00e9dula de identidad). Esta copia ser\u00e1 devuelta con nuestra respuesta. Sin ella, su solicitud podr\u00eda no ser procesada.<\/p><h2>Cumplimiento y legislaci\u00f3n aplicable<\/h2><p>INO Telecom cumple con las regulaciones establecidas por la <strong>CNIL<\/strong> (autoridad francesa de protecci\u00f3n de datos) y con todas las leyes de privacidad de datos aplicables de la UE y nacionales.<\/p><p>En caso de conflicto, usted tiene derecho a presentar una reclamaci\u00f3n ante la CNIL: <a href=\"https:\/\/www.cnil.fr\/\">www.cnil.fr<\/a>.<\/p><p>Este aviso legal se rige por la <strong>legislaci\u00f3n francesa<\/strong>.<\/p>\n<\/div><\/div>\n<\/section><\/div>","protected":false},"excerpt":{"rendered":"<p>Legal Notice IdentificationThe website https:\/\/www.ino.global is owned by INO Telecom, a simplified joint stock company (SAS) with a capital of \u20ac100,000, registered with the Montpellier Trade and Companies Register under number 498 454 412, with VAT number FR93 498454412.INO Telecom\u2019s headquarters is located at:INO TELECOM48, Rue Claude Balbastre34070 Montpellier \u2013 FranceYou can contact us at [&hellip;]<\/p>\n","protected":false},"author":1,"featured_media":0,"parent":0,"menu_order":0,"comment_status":"closed","ping_status":"closed","template":"","meta":{"_acf_changed":false,"_seopress_robots_primary_cat":"","_seopress_titles_title":"Legal Notices | INO CX \u2013 Contact Center Solutions Provider","_seopress_titles_desc":"Find all legal information about INO CX, telecom operator and CX solutions provider: site ownership, hosting provider, liability, and compliance notices.","_seopress_robots_index":"","_breakdance_hide_in_design_set":false,"_breakdance_tags":"","footnotes":""},"class_list":["post-1679","page","type-page","status-publish","hentry"],"acf":[],"_links":{"self":[{"href":"https:\/\/www.ino.global\/es\/wp-json\/wp\/v2\/pages\/1679","targetHints":{"allow":["GET"]}}],"collection":[{"href":"https:\/\/www.ino.global\/es\/wp-json\/wp\/v2\/pages"}],"about":[{"href":"https:\/\/www.ino.global\/es\/wp-json\/wp\/v2\/types\/page"}],"author":[{"embeddable":true,"href":"https:\/\/www.ino.global\/es\/wp-json\/wp\/v2\/users\/1"}],"replies":[{"embeddable":true,"href":"https:\/\/www.ino.global\/es\/wp-json\/wp\/v2\/comments?post=1679"}],"version-history":[{"count":18,"href":"https:\/\/www.ino.global\/es\/wp-json\/wp\/v2\/pages\/1679\/revisions"}],"predecessor-version":[{"id":33089,"href":"https:\/\/www.ino.global\/es\/wp-json\/wp\/v2\/pages\/1679\/revisions\/33089"}],"wp:attachment":[{"href":"https:\/\/www.ino.global\/es\/wp-json\/wp\/v2\/media?parent=1679"}],"curies":[{"name":"wp","href":"https:\/\/api.w.org\/{rel}","templated":true}]}}