{"id":576,"date":"2025-03-13T21:43:51","date_gmt":"2025-03-13T20:43:51","guid":{"rendered":"https:\/\/ino.local\/?page_id=576"},"modified":"2026-04-21T12:46:41","modified_gmt":"2026-04-21T11:46:41","slug":"contactanos","status":"publish","type":"page","link":"https:\/\/www.ino.global\/es\/contact-us\/","title":{"rendered":"Cont\u00e1ctanos"},"content":{"rendered":"<div class='breakdance'><section class=\"bde-section-576-378 bde-section\">\n              \n  \n  \n\t\n\n\n\n<div class=\"section-container\"><div class=\"bde-div-576-381 bde-div\">\n  \n  \n\t\n\n\n\n<div class=\"bde-div-576-382 bde-div\">\n  \n  \n\t\n\n\n\n<div class=\"bde-code-block-576-383 bde-code-block\">\n\n  <nav  aria-label=\"breadcrumb\"><ol class=\"breadcrumb\"><li class=\"breadcrumb-item active\" aria-current=\"page\"><span>Home<\/span><\/li><\/ol><\/nav>\n\n\n<\/div>\n<\/div><h1 class=\"bde-heading-576-384 bde-heading\">\nGet in touch\n<\/h1><div class=\"bde-text-576-385 bde-text\">\nOur team is ready to assist with any questions about our products, solutions, or support services. Connect with us today for your specific needs!\n<\/div>\n<\/div><div class=\"bde-columns-576-393 bde-columns\"><div class=\"bde-column-576-394 bde-column\">\n  \n  \n\t\n\n\n\n<div class=\"bde-div-576-395 bde-div\">\n  \n  \n\t\n\n\n\n<h1 class=\"bde-heading-576-396 bde-heading\">\nSales Inquiries\n<\/h1><div class=\"bde-text-576-397 bde-text\">\nConsidering INO CX solutions for your business? Reach out to discuss how our products can transform your customer experience strategy and optimize your operations.\n<\/div><a class=\"bde-container-link-576-414 bde-container-link link-with-animation breakdance-link\" href=\"#contact_us\" target=\"_self\" data-type=\"url\">\n  \n  \n\t\n\n\n\n<div class=\"bde-text-576-415 bde-text link-with-animation-title\">\nSchedule a demo\n<\/div><div class=\"bde-icon-576-416 bde-icon link-with-animation-icon\">\n\n    \n            <div class=\"bde-icon-icon breakdance-icon-atom\" >\n    \n                    <svg xmlns=\"http:\/\/www.w3.org\/2000\/svg\" viewBox=\"0 0 512 512\"><!--! Font Awesome Free 6.5.1 by @fontawesome - https:\/\/fontawesome.com License - https:\/\/fontawesome.com\/license\/free (Icons: CC BY 4.0, Fonts: SIL OFL 1.1, Code: MIT License) Copyright 2023 Fonticons, Inc. --><path d=\"M0 256a256 256 0 1 0 512 0A256 256 0 1 0 0 256zM281 385c-9.4 9.4-24.6 9.4-33.9 0s-9.4-24.6 0-33.9l71-71L136 280c-13.3 0-24-10.7-24-24s10.7-24 24-24l182.1 0-71-71c-9.4-9.4-9.4-24.6 0-33.9s24.6-9.4 33.9 0L393 239c9.4 9.4 9.4 24.6 0 33.9L281 385z\"\/><\/svg>\n        \n        \n        \n            <\/div>\n    \n\n\n<\/div>\n\n<\/a>\n<\/div>\n<\/div><div class=\"bde-column-576-398 bde-column\">\n  \n  \n\t\n\n\n\n<div class=\"bde-div-576-399 bde-div\">\n  \n  \n\t\n\n\n\n<h1 class=\"bde-heading-576-400 bde-heading\">\nSupport Assistance\n<\/h1><div class=\"bde-text-576-401 bde-text\">\nNeed technical support or assistance with our solutions? Our dedicated support team is here to help you resolve any issues efficiently and ensure smooth operation.\n<\/div><a class=\"bde-container-link-576-417 bde-container-link link-with-animation breakdance-link\" href=\"#contact_us\" target=\"_self\" data-type=\"url\">\n  \n  \n\t\n\n\n\n<div class=\"bde-text-576-418 bde-text link-with-animation-title\">\nGet support \n<\/div><div class=\"bde-icon-576-419 bde-icon link-with-animation-icon\">\n\n    \n            <div class=\"bde-icon-icon breakdance-icon-atom\" >\n    \n                    <svg xmlns=\"http:\/\/www.w3.org\/2000\/svg\" viewBox=\"0 0 512 512\"><!--! Font Awesome Free 6.5.1 by @fontawesome - https:\/\/fontawesome.com License - https:\/\/fontawesome.com\/license\/free (Icons: CC BY 4.0, Fonts: SIL OFL 1.1, Code: MIT License) Copyright 2023 Fonticons, Inc. --><path d=\"M0 256a256 256 0 1 0 512 0A256 256 0 1 0 0 256zM281 385c-9.4 9.4-24.6 9.4-33.9 0s-9.4-24.6 0-33.9l71-71L136 280c-13.3 0-24-10.7-24-24s10.7-24 24-24l182.1 0-71-71c-9.4-9.4-9.4-24.6 0-33.9s24.6-9.4 33.9 0L393 239c9.4 9.4 9.4 24.6 0 33.9L281 385z\"\/><\/svg>\n        \n        \n        \n            <\/div>\n    \n\n\n<\/div>\n\n<\/a>\n<\/div>\n<\/div><div class=\"bde-column-576-402 bde-column\">\n  \n  \n\t\n\n\n\n<div class=\"bde-div-576-403 bde-div\">\n  \n  \n\t\n\n\n\n<h1 class=\"bde-heading-576-404 bde-heading\">\nGeneral Inquiries\n<\/h1><div class=\"bde-text-576-405 bde-text\">\nHave a question or a request? Contact us for more information about INO CX, our services, our company or partnership opportunities. We're here to provide answers and guide you forward. \n<\/div><a class=\"bde-container-link-576-420 bde-container-link link-with-animation breakdance-link\" href=\"#contact_us\" target=\"_self\" data-type=\"url\">\n  \n  \n\t\n\n\n\n<div class=\"bde-text-576-421 bde-text link-with-animation-title\">\nReach out\n<\/div><div class=\"bde-icon-576-422 bde-icon link-with-animation-icon\">\n\n    \n            <div class=\"bde-icon-icon breakdance-icon-atom\" >\n    \n                    <svg xmlns=\"http:\/\/www.w3.org\/2000\/svg\" viewBox=\"0 0 512 512\"><!--! Font Awesome Free 6.5.1 by @fontawesome - https:\/\/fontawesome.com License - https:\/\/fontawesome.com\/license\/free (Icons: CC BY 4.0, Fonts: SIL OFL 1.1, Code: MIT License) Copyright 2023 Fonticons, Inc. --><path d=\"M0 256a256 256 0 1 0 512 0A256 256 0 1 0 0 256zM281 385c-9.4 9.4-24.6 9.4-33.9 0s-9.4-24.6 0-33.9l71-71L136 280c-13.3 0-24-10.7-24-24s10.7-24 24-24l182.1 0-71-71c-9.4-9.4-9.4-24.6 0-33.9s24.6-9.4 33.9 0L393 239c9.4 9.4 9.4 24.6 0 33.9L281 385z\"\/><\/svg>\n        \n        \n        \n            <\/div>\n    \n\n\n<\/div>\n\n<\/a>\n<\/div>\n<\/div><\/div><\/div>\n<\/section><section class=\"bde-section-576-412 bde-section\">\n  \n  \n\t\n\n\n\n<div class=\"section-container\"><div class=\"bde-div-576-407 bde-div\">\n  \n  \n\t\n\n\n\n<h2 class=\"bde-heading-576-408 bde-heading\">\nOur offices\n<\/h2>\n<\/div><div class=\"bde-div-576-429 bde-div\">\n  \n  \n\t\n\n\n\n<div class=\"bde-div-576-539 bde-div\">\n  \n  \n\t\n\n\n\n<img decoding=\"async\" class=\"bde-image2-576-575 bde-image2\" src=\"https:\/\/www.ino.global\/wp-content\/uploads\/2025\/04\/195-france.png\" alt=\"195 france\" loading=\"lazy\" srcset=\"https:\/\/www.ino.global\/wp-content\/uploads\/2025\/04\/195-france.png 512w, https:\/\/www.ino.global\/wp-content\/uploads\/2025\/04\/195-france-300x300.png 300w, https:\/\/www.ino.global\/wp-content\/uploads\/2025\/04\/195-france-150x150.png 150w, https:\/\/www.ino.global\/wp-content\/uploads\/2025\/04\/195-france-12x12.png 12w\" sizes=\"(max-width: 512px) 100vw, 512px\"><div class=\"bde-div-576-574 bde-div\">\n  \n  \n\t\n\n\n\n<h1 class=\"bde-heading-576-576 bde-heading\">\nParis\n<\/h1>\n<\/div><div class=\"bde-text-576-542 bde-text\">\n4 Rue Royale<br>75008 Paris<br>France\n<\/div>\n<\/div><div class=\"bde-div-576-577 bde-div\">\n  \n  \n\t\n\n\n\n<img decoding=\"async\" class=\"bde-image2-576-578 bde-image2\" src=\"https:\/\/www.ino.global\/wp-content\/uploads\/2025\/04\/195-france.png\" alt=\"195 france\" loading=\"lazy\" srcset=\"https:\/\/www.ino.global\/wp-content\/uploads\/2025\/04\/195-france.png 512w, https:\/\/www.ino.global\/wp-content\/uploads\/2025\/04\/195-france-300x300.png 300w, https:\/\/www.ino.global\/wp-content\/uploads\/2025\/04\/195-france-150x150.png 150w, https:\/\/www.ino.global\/wp-content\/uploads\/2025\/04\/195-france-12x12.png 12w\" sizes=\"(max-width: 512px) 100vw, 512px\"><div class=\"bde-div-576-579 bde-div\">\n  \n  \n\t\n\n\n\n<h1 class=\"bde-heading-576-580 bde-heading\">\nMontpellier\n<\/h1>\n<\/div><div class=\"bde-text-576-581 bde-text\">\n770 Avenue Alfred Sauvy<br>34470 P\u00e9rols<br>France\n<\/div>\n<\/div><div class=\"bde-div-576-547 bde-div\">\n  \n  \n\t\n\n\n\n<img decoding=\"async\" class=\"bde-image2-576-567 bde-image2\" src=\"https:\/\/www.ino.global\/wp-content\/uploads\/2025\/04\/252-mexico.png\" alt=\"252 mexico\" loading=\"lazy\" srcset=\"https:\/\/www.ino.global\/wp-content\/uploads\/2025\/04\/252-mexico.png 512w, https:\/\/www.ino.global\/wp-content\/uploads\/2025\/04\/252-mexico-300x300.png 300w, https:\/\/www.ino.global\/wp-content\/uploads\/2025\/04\/252-mexico-150x150.png 150w, https:\/\/www.ino.global\/wp-content\/uploads\/2025\/04\/252-mexico-12x12.png 12w\" sizes=\"(max-width: 512px) 100vw, 512px\"><div class=\"bde-div-576-566 bde-div\">\n  \n  \n\t\n\n\n\n<h1 class=\"bde-heading-576-549 bde-heading\">\nMexico\n<\/h1>\n<\/div><div class=\"bde-text-576-550 bde-text\">\nAv. Javier Barros Sierra 495 Santa Fe, \u00c1lvaro Obreg\u00f3n<br>01219 Ciudad de M\u00e9xico, CDMX<br>Mexico\n<\/div>\n<\/div><div class=\"bde-div-576-560 bde-div\">\n  \n  \n\t\n\n\n\n<img decoding=\"async\" class=\"bde-image2-576-569 bde-image2\" src=\"https:\/\/www.ino.global\/wp-content\/uploads\/2025\/05\/chile.png\" alt=\"chile\" loading=\"lazy\" srcset=\"https:\/\/www.ino.global\/wp-content\/uploads\/2025\/05\/chile.png 512w, https:\/\/www.ino.global\/wp-content\/uploads\/2025\/05\/chile-300x300.png 300w, https:\/\/www.ino.global\/wp-content\/uploads\/2025\/05\/chile-150x150.png 150w, https:\/\/www.ino.global\/wp-content\/uploads\/2025\/05\/chile-12x12.png 12w\" sizes=\"(max-width: 512px) 100vw, 512px\"><div class=\"bde-div-576-568 bde-div\">\n  \n  \n\t\n\n\n\n<h1 class=\"bde-heading-576-570 bde-heading\">\nSantiago\n<\/h1>\n<\/div><div class=\"bde-text-576-563 bde-text\">\nAv. Apoquindo 5950,<br>7550000 Las Condes<br>Santiago<br>Chile\n<\/div>\n<\/div><div class=\"bde-div-576-543 bde-div\">\n  \n  \n\t\n\n\n\n<img decoding=\"async\" class=\"bde-image2-576-572 bde-image2\" src=\"https:\/\/www.ino.global\/wp-content\/uploads\/2025\/05\/colombia.png\" alt=\"colombia\" loading=\"lazy\" srcset=\"https:\/\/www.ino.global\/wp-content\/uploads\/2025\/05\/colombia.png 512w, https:\/\/www.ino.global\/wp-content\/uploads\/2025\/05\/colombia-300x300.png 300w, https:\/\/www.ino.global\/wp-content\/uploads\/2025\/05\/colombia-150x150.png 150w, https:\/\/www.ino.global\/wp-content\/uploads\/2025\/05\/colombia-12x12.png 12w\" sizes=\"(max-width: 512px) 100vw, 512px\"><div class=\"bde-div-576-571 bde-div\">\n  \n  \n\t\n\n\n\n<h1 class=\"bde-heading-576-573 bde-heading\">\nBogot\u00e1\n<\/h1>\n<\/div><div class=\"bde-text-576-546 bde-text\">\nCra. 11B #99-25<br>Bogot\u00e1<br>Colombia\n<\/div>\n<\/div><div class=\"bde-div-576-582 bde-div\">\n  \n  \n\t\n\n\n\n<img decoding=\"async\" class=\"bde-image2-576-583 bde-image2\" src=\"https:\/\/www.ino.global\/wp-content\/uploads\/2025\/05\/188-peru.png\" alt=\"peru\" loading=\"lazy\" srcset=\"https:\/\/www.ino.global\/wp-content\/uploads\/2025\/05\/188-peru.png 512w, https:\/\/www.ino.global\/wp-content\/uploads\/2025\/05\/188-peru-300x300.png 300w, https:\/\/www.ino.global\/wp-content\/uploads\/2025\/05\/188-peru-150x150.png 150w, https:\/\/www.ino.global\/wp-content\/uploads\/2025\/05\/188-peru-12x12.png 12w\" sizes=\"(max-width: 512px) 100vw, 512px\"><div class=\"bde-div-576-584 bde-div\">\n  \n  \n\t\n\n\n\n<h1 class=\"bde-heading-576-585 bde-heading\">\nLima\n<\/h1>\n<\/div><div class=\"bde-text-576-586 bde-text\">\nCa. Coronel Andr\u00e9s Reyes 338 Lima 15046<br>Peru\n<\/div>\n<\/div>\n<\/div><\/div>\n<\/section><section class=\"bde-section-576-423 bde-section\">\n  \n  \n\t\n\n\n\n<div class=\"section-container\"><div class=\"bde-div-576-424 bde-div\">\n              \n  \n  \n\t\n\n\n\n<div class=\"bde-div-576-425 bde-div\">\n  \n  \n\t\n\n\n\n<h2 id=\"contact_us\" class=\"bde-heading-576-426 bde-heading\">\nLet\u2019s Get Started!\n<\/h2><div class=\"bde-text-576-427 bde-text\">\nHave questions or ready to explore how INO CX can support your goals? Our team is here to help.\n<\/div><div class=\"bde-form-builder-576-564 bde-form-builder\">\n\n<form id=\"contact-form564\" class=\"breakdance-form breakdance-form--vertical\" data-options=\"{&quot;slug&quot;:&quot;custom&quot;,&quot;name&quot;:&quot;Contact Form&quot;,&quot;ajaxUrl&quot;:&quot;https:\\\/\\\/www.ino.global\\\/wp-admin\\\/admin-ajax.php&quot;,&quot;clearOnSuccess&quot;:true,&quot;hideOnSuccess&quot;:true,&quot;successMessage&quot;:&quot;Your message has been received!&quot;,&quot;errorMessage&quot;:&quot;Something went wrong&quot;,&quot;redirect&quot;:false,&quot;redirectUrl&quot;:&quot;&quot;,&quot;customJavaScript&quot;:&quot;&quot;,&quot;recaptcha&quot;:{&quot;key&quot;:&quot;6LcZo1QrAAAAAKFbUB6EC_qKf0gX2kjZCXo-_Te6&quot;,&quot;enabled&quot;:true},&quot;honeypot_enabled&quot;:true,&quot;popupsOnSuccess&quot;:[],&quot;popupsOnError&quot;:[]}\" data-steps=\"0\" >\n  \n  \n  \n<div class=\"breakdance-form-field breakdance-form-field--text\" >\n    \n    \n            <label class=\"breakdance-form-field__label\" for=\"znibbm\">\n            First name<span class=\"breakdance-form-field__required\">*<\/span>\n        <\/label>\n    \n    <input\n    class=\"breakdance-form-field__input\"\n    id=\"znibbm\"\n    aria-describedby=\"znibbm\"\n    type=\"text\"\n    name=\"fields[znibbm]\"\n    placeholder=\"\"\n    value=\"\"\n                \n        \n        \n    required\n    \n    \n    \n>\n\n\n    \n    \n<\/div>\n\n\n<div class=\"breakdance-form-field breakdance-form-field--text\" >\n    \n    \n            <label class=\"breakdance-form-field__label\" for=\"lwutdm\">\n            Last name<span class=\"breakdance-form-field__required\">*<\/span>\n        <\/label>\n    \n    <input\n    class=\"breakdance-form-field__input\"\n    id=\"lwutdm\"\n    aria-describedby=\"lwutdm\"\n    type=\"text\"\n    name=\"fields[lwutdm]\"\n    placeholder=\"\"\n    value=\"\"\n                \n        \n        \n    required\n    \n    \n    \n>\n\n\n    \n    \n<\/div>\n\n\n<div class=\"breakdance-form-field breakdance-form-field--select\" >\n    \n    \n            <label class=\"breakdance-form-field__label\" for=\"nipoxc\">\n            Reason of contact\n        <\/label>\n    \n    <select\n    class=\"breakdance-form-field__input\"\n    id=\"nipoxc\"\n    name=\"fields[nipoxc]\"\n    \n    \n        >\n      <option value=\"\">Select...<\/option>\n          <option value=\"Sales Inquiries\" >Sales Inquiries<\/option>\n        <option value=\"Support Assistance\" >Support Assistance<\/option>\n        <option value=\"General Inquiries\" >General Inquiries<\/option>\n  <\/select>\n\n\n    \n    \n<\/div>\n\n\n<div class=\"breakdance-form-field breakdance-form-field--email\" >\n    \n    \n            <label class=\"breakdance-form-field__label\" for=\"email\">\n            Business email<span class=\"breakdance-form-field__required\">*<\/span>\n        <\/label>\n    \n    <input\n    class=\"breakdance-form-field__input\"\n    id=\"email\"\n    aria-describedby=\"email\"\n    type=\"email\"\n    name=\"fields[email]\"\n    placeholder=\"\"\n    value=\"\"\n                \n        \n        \n    required\n    \n    \n    \n>\n\n\n    \n    \n<\/div>\n\n\n<div class=\"breakdance-form-field breakdance-form-field--tel\" >\n    \n    \n            <label class=\"breakdance-form-field__label\" for=\"qxlsiz\">\n            Phone number<span class=\"breakdance-form-field__required\">*<\/span>\n        <\/label>\n    \n    <input\n    class=\"breakdance-form-field__input\"\n    id=\"qxlsiz\"\n    aria-describedby=\"qxlsiz\"\n    type=\"tel\"\n    name=\"fields[qxlsiz]\"\n    placeholder=\"\"\n    value=\"\"\n                \n        \n        \n    required\n    \n    \n    \n>\n\n\n    \n    \n<\/div>\n\n\n<div class=\"breakdance-form-field breakdance-form-field--text\" >\n    \n    \n            <label class=\"breakdance-form-field__label\" for=\"xfolpy\">\n            Business name<span class=\"breakdance-form-field__required\">*<\/span>\n        <\/label>\n    \n    <input\n    class=\"breakdance-form-field__input\"\n    id=\"xfolpy\"\n    aria-describedby=\"xfolpy\"\n    type=\"text\"\n    name=\"fields[xfolpy]\"\n    placeholder=\"\"\n    value=\"\"\n                \n        \n        \n    required\n    \n    \n    \n>\n\n\n    \n    \n<\/div>\n\n\n<div class=\"breakdance-form-field breakdance-form-field--textarea\" >\n    \n    \n            <label class=\"breakdance-form-field__label\" for=\"mdgpmr\">\n            Tell us more\n        <\/label>\n    \n    <textarea\n    class=\"breakdance-form-field__input\"\n    id=\"mdgpmr\"\n    aria-describedby=\"mdgpmr\"\n    type=\"textarea\"\n    name=\"fields[mdgpmr]\"\n        placeholder=\"\"\n    \n    >\n<\/textarea>\n\n\n    \n    \n<\/div>\n\n\n<div class=\"breakdance-form-field breakdance-form-field--checkbox breakdance-form-field__hide-label\" >\n    \n    \n    \n    <fieldset role=\"group\"\n    aria-label=\"Consent\"\n    >\n       <legend class=\"breakdance-form-field__label\">Consent<span class=\"breakdance-form-field__required\">*<\/span><\/legend>\n          <div class=\"breakdance-form-checkbox\">\n          <input\n              type=\"checkbox\"\n              name=\"fields[amitrz]\"\n              value=\"By submitting this form, I agree to INO CX&#039;s &lt;a href=&quot;https:\/\/www.ino.global\/privacy-policy\/&quot;&gt;Privacy Policy&lt;\/a&gt; and consent to being contacted about its products and services.\"\n              id=\"amitrz-1\"\n              \n                        >\n          <label class=\"breakdance-form-checkbox__text\" for=\"amitrz-1\">By submitting this form, I agree to INO CX's <a href=\"https:\/\/www.ino.global\/privacy-policy\/\">Privacy Policy<\/a> and consent to being contacted about its products and services.<\/label>\n      <\/div>\n  <\/fieldset>\n\n\n\n    \n    \n<\/div>\n\n\n<div class=\"breakdance-form-field breakdance-form-field--hpinput\" >\n    \n    \n            <label class=\"breakdance-form-field__label\" for=\"hpname\">\n            HP Name\n        <\/label>\n    \n    <input\n    class=\"breakdance-form-field__input\"\n    id=\"hpname\"\n    aria-describedby=\"hpname\"\n    type=\"hpinput\"\n    name=\"fields[hpname]\"\n    placeholder=\"\"\n    value=\"\"\n                \n        \n        \n    \n    autocomplete=\"off\"\n    tabindex=\"-1\"\n    \n>\n\n\n    \n    \n<\/div>\n\n\n<div class=\"breakdance-form-field breakdance-form-field--hidden\" >\n    \n    \n    \n    <input\n    id=\"csrf-token-564\"\n    type=\"hidden\"\n    name=\"fields[csrfToken]\"\n    value=\"3348814b8f\"\n    >\n\n\n    \n    \n<\/div>\n\n\n  \n\n<div class=\"breakdance-form-field breakdance-form-footer\">\n    \n    \n                                    \n    \n    \n    \n    \n            \n            <button type=\"submit\" class=\"button-atom button-atom--primary breakdance-form-button breakdance-form-button__submit\"  >\n    \n        <span class=\"button-atom__text\">Send<\/span>\n\n        \n        \n            <\/button>\n    \n    <input type=\"hidden\" name=\"form_id\" value=\"564\">\n    <input type=\"hidden\" name=\"post_id\" value=\"576\">\n<\/div>\n\n  \n<\/form>\n\n\n<\/div><div class=\"bde-code-block-576-565 bde-code-block\">\n\n\n\n<\/div>\n<\/div>\n<\/div><\/div>\n<\/section><\/div>","protected":false},"excerpt":{"rendered":"<p>Home Get in touch Our team is ready to assist with any questions about our products, solutions, or support services. Connect with us today for your specific needs! Sales Inquiries Considering INO CX solutions for your business? Reach out to discuss how our products can transform your customer experience strategy and optimize your operations. Schedule [&hellip;]<\/p>\n","protected":false},"author":1,"featured_media":0,"parent":0,"menu_order":0,"comment_status":"closed","ping_status":"closed","template":"","meta":{"_acf_changed":false,"_seopress_robots_primary_cat":"","_seopress_titles_title":"Contact Us | Get in Touch with INO CX Experts","_seopress_titles_desc":"Have questions or need support? Contact INO CX to speak with our team about solutions, partnerships, or customer service. We\u2019re here to help you connect better.","_seopress_robots_index":"","_breakdance_hide_in_design_set":false,"_breakdance_tags":"","footnotes":""},"class_list":["post-576","page","type-page","status-publish","hentry"],"acf":[],"_links":{"self":[{"href":"https:\/\/www.ino.global\/es\/wp-json\/wp\/v2\/pages\/576","targetHints":{"allow":["GET"]}}],"collection":[{"href":"https:\/\/www.ino.global\/es\/wp-json\/wp\/v2\/pages"}],"about":[{"href":"https:\/\/www.ino.global\/es\/wp-json\/wp\/v2\/types\/page"}],"author":[{"embeddable":true,"href":"https:\/\/www.ino.global\/es\/wp-json\/wp\/v2\/users\/1"}],"replies":[{"embeddable":true,"href":"https:\/\/www.ino.global\/es\/wp-json\/wp\/v2\/comments?post=576"}],"version-history":[{"count":100,"href":"https:\/\/www.ino.global\/es\/wp-json\/wp\/v2\/pages\/576\/revisions"}],"predecessor-version":[{"id":33541,"href":"https:\/\/www.ino.global\/es\/wp-json\/wp\/v2\/pages\/576\/revisions\/33541"}],"wp:attachment":[{"href":"https:\/\/www.ino.global\/es\/wp-json\/wp\/v2\/media?parent=576"}],"curies":[{"name":"wp","href":"https:\/\/api.w.org\/{rel}","templated":true}]}}