{"id":1679,"date":"2025-05-02T09:28:22","date_gmt":"2025-05-02T08:28:22","guid":{"rendered":"https:\/\/www.ino.global\/?page_id=1679"},"modified":"2025-10-09T10:06:38","modified_gmt":"2025-10-09T09:06:38","slug":"mentions-legales","status":"publish","type":"page","link":"https:\/\/www.ino.global\/fr\/legal-notices\/","title":{"rendered":"Avis juridiques"},"content":{"rendered":"<div class='breakdance'><section class=\"bde-section-1679-122 bde-section\">\n  \n  \n\t\n\n\n\n<div class=\"section-container\"><div class=\"bde-div-1679-123 bde-div\">\n  \n  \n\t\n\n\n\n<h1 class=\"bde-heading-1679-104 bde-heading\">\nMentions l\u00e9gales\n<\/h1>\n<\/div><\/div>\n<\/section><section class=\"bde-section-1679-100 bde-section\">\n  \n  \n\t\n\n\n\n<div class=\"section-container\"><div class=\"bde-rich-text-1679-103 bde-rich-text breakdance-rich-text-styles\">\n<h2>Identification<\/h2><p>Le site <a href=\"https:\/\/www.ino.global\/fr\/\">https:\/\/www.ino.global<\/a> est la propri\u00e9t\u00e9 <strong>d\u2019INO Telecom<\/strong>,  soci\u00e9t\u00e9 par actions simplifi\u00e9e (SAS) au capital de 100 000 \u20ac, immatricul\u00e9e au registre du commerce et des soci\u00e9t\u00e9s de Montpellier sous le num\u00e9ro <strong>498 454 412<\/strong>, et dont le num\u00e9ro de TVA est <strong>FR93 498454412<\/strong>.<\/p><p>Le si\u00e8ge social d\u2019INO Telecom est situ\u00e9 \u00e0 :<\/p><blockquote><p><strong>INO TELECOM<\/strong><br \/>48, Rue Claude Balbastre<br \/>34070 Montpellier - France<\/p><\/blockquote><p>Vous pouvez nous contacter \u00e0 <strong><a href=\"mailto:contact@ino.global\">contact@ino.global<\/a><\/strong> ou par t\u00e9l\u00e9phone au <strong>+33 (0)811 23 02 30<\/strong>.<\/p><h2>Conditions d'utilisation<\/h2><p>L\u2019utilisation de ce site implique l\u2019acceptation pleine et enti\u00e8re des conditions d\u00e9crites ici. Ces conditions peuvent \u00eatre modifi\u00e9es \u00e0 tout moment sans pr\u00e9avis.<\/p><p>Le contenu est fourni \u00e0 titre informatif uniquement et n\u2019a aucune valeur juridique ou contractuelle. INO Telecom ne peut \u00eatre tenue responsable des dommages directs ou indirects r\u00e9sultant de l\u2019utilisation de ce site.<\/p><h2>Propri\u00e9t\u00e9 intellectuelle<\/h2><p>Sauf indication contraire, tout le contenu de ce site (textes, images, graphiques, logos, ic\u00f4nes, sons, logiciels, etc.) est la propri\u00e9t\u00e9 intellectuelle exclusive de leurs auteurs.<\/p><p>Toute reproduction, repr\u00e9sentation, modification ou diffusion, totale ou partielle, du contenu du site est interdite sans autorisation \u00e9crite pr\u00e9alable.<\/p><p>Toute utilisation non autoris\u00e9e du site ou de son contenu constitue une contrefa\u00e7on et peut entra\u00eener des poursuites judiciaires.<\/p><h2>Liens externes et internes<\/h2><p><strong>Liens sortants :<\/strong> INO Telecom d\u00e9cline toute responsabilit\u00e9 quant au contenu, \u00e0 la s\u00e9curit\u00e9 ou \u00e0 la l\u00e9galit\u00e9 des sites tiers accessibles via des liens hypertextes.<\/p><p><strong>Liens entrants :<\/strong> Il est autoris\u00e9 de cr\u00e9er un lien vers n\u2019importe quelle page de ce site \u00e0 condition que :<\/p><ul><li><p>Le lien s\u2019ouvre dans une nouvelle fen\u00eatre du navigateur ;<\/p><\/li><li><p>La source soit clairement identifi\u00e9e pour \u00e9viter toute confusion ;<\/p><\/li><li><p>Le lien ne soit ni trompeur ni diffamatoire.<\/p><\/li><\/ul><p>INO Telecom se r\u00e9serve le droit de demander la suppression de tout lien jug\u00e9 inappropri\u00e9.<\/p><h2>Cookies<\/h2><p>Ce site utilise des cookies pour am\u00e9liorer l\u2019exp\u00e9rience utilisateur et recueillir des donn\u00e9es statistiques anonymes. Certaines fonctionnalit\u00e9s (comme les replays vid\u00e9o) peuvent ne pas fonctionner sans cookies.<\/p><h2>Protection des donn\u00e9es personnelles (RGPD)<\/h2><p>INO Telecom traite les donn\u00e9es personnelles conform\u00e9ment au <strong>R\u00e8glement G\u00e9n\u00e9ral sur la Protection des Donn\u00e9es (RGPD)<\/strong>.<\/p><h3>Responsable du traitement<\/h3><p>INO TELECOM<br \/>48 Rue Claude Balbastre<br \/>34070 Montpellier - France<br \/><strong>Contact DPO :<\/strong> <a href=\"mailto:rgpd@ino.global\">rgpd@ino.global<\/a><\/p><h3>Finalit\u00e9s et base l\u00e9gale<\/h3><p>Nous collectons et traitons vos donn\u00e9es personnelles pour les finalit\u00e9s suivantes :<\/p>\n<\/div><div class=\"bde-columns-1679-105 bde-columns\"><div class=\"bde-column-1679-106 bde-column\">\n  \n  \n\t\n\n\n\n<div class=\"bde-text-1679-108 bde-text\">\nFinalit\u00e9\n<\/div><div class=\"bde-text-1679-109 bde-text\">\nTraitement des demandes de contact ou d'information\n<\/div><div class=\"bde-text-1679-114 bde-text\">\nEnvoi de communications commerciales\n<\/div><div class=\"bde-text-1679-113 bde-text\">\nAcc\u00e8s aux replays ou contenus\n<\/div><div class=\"bde-text-1679-116 bde-text\">\nPerformance du site et analyses\n<\/div><div class=\"bde-text-1679-115 bde-text\">\nSuivi commercial et marketing\n<\/div>\n<\/div><div class=\"bde-column-1679-107 bde-column\">\n  \n  \n\t\n\n\n\n<div class=\"bde-text-1679-110 bde-text\">\nBase l\u00e9gale\n<\/div><div class=\"bde-text-1679-112 bde-text\">\nInt\u00e9r\u00eat l\u00e9gitime ou contrat\n<\/div><div class=\"bde-text-1679-120 bde-text\">\nConsentement\n<\/div><div class=\"bde-text-1679-119 bde-text\">\nInt\u00e9r\u00eat l\u00e9gitime\n<\/div><div class=\"bde-text-1679-118 bde-text\">\nConsentement (via le bandeau cookies)\n<\/div><div class=\"bde-text-1679-117 bde-text\">\nInt\u00e9r\u00eat l\u00e9gitime\n<\/div>\n<\/div><\/div><div class=\"bde-rich-text-1679-121 bde-rich-text breakdance-rich-text-styles\">\n<h3>Dur\u00e9e de conservation des donn\u00e9es<\/h3><p>Les donn\u00e9es personnelles sont conserv\u00e9es uniquement pendant la dur\u00e9e n\u00e9cessaire \u00e0 la r\u00e9alisation des finalit\u00e9s pour lesquelles elles ont \u00e9t\u00e9 collect\u00e9es, y compris les obligations l\u00e9gales, comptables ou de reporting. Cette dur\u00e9e peut varier selon la nature de la demande ou de l\u2019interaction.<\/p><h3>Destinataires des donn\u00e9es<\/h3><p>Vos donn\u00e9es peuvent \u00eatre communiqu\u00e9es \u00e0 :<\/p><ul><li><p>Nos \u00e9quipes internes commerciales et marketing ;<\/p><\/li><li><p>Prestataires de services tiers :<\/p><ul><li><p><strong>ZOHO<\/strong> (CRM, e-mails marketing)<\/p><\/li><li><p><strong>Google Analytics<\/strong> (analyse de trafic web)<\/p><\/li><\/ul><\/li><\/ul><h3>Vos droits<\/h3><p>Conform\u00e9ment au RGPD, vous disposez des droits suivants :<\/p><ul><li><p>Acc\u00e9der \u00e0 vos donn\u00e9es personnelles<\/p><\/li><li><p>Corriger ou mettre \u00e0 jour des donn\u00e9es inexactes<\/p><\/li><li><p>Demander la suppression (droit \u00e0 l\u2019oubli)<\/p><\/li><li><p>Retirer votre consentement \u00e0 tout moment<\/p><\/li><li><p>Vous opposer au traitement ou en demander la limitation<\/p><\/li><li><p>Demander la portabilit\u00e9 de vos donn\u00e9es<\/p><\/li><\/ul><p>Pour exercer vos droits, contactez <a href=\"mailto:rgpd@ino.global\"><strong>rgpd@ino.global<\/strong>\u00a0<\/a>ou \u00e9crire \u00e0<\/p><p>INO TELECOM\u00a0<br \/>48 Rue Claude Balbastre<br \/>34070 Montpellier - France<\/p><p>Pour v\u00e9rifier votre identit\u00e9 et garantir la confidentialit\u00e9 des donn\u00e9es, une copie certifi\u00e9e d\u2019une pi\u00e8ce d\u2019identit\u00e9 valide (passeport ou carte nationale) peut \u00eatre exig\u00e9e. Cette copie vous sera retourn\u00e9e avec notre r\u00e9ponse. En l\u2019absence de ce document, votre demande pourrait ne pas \u00eatre trait\u00e9e.<\/p><h2>Conformit\u00e9 et droit applicable<\/h2><p>INO Telecom respecte les r\u00e9glementations \u00e9tablies par la <strong>CNIL<\/strong> (Commission nationale de l'informatique et des libert\u00e9s) ainsi que toutes les lois europ\u00e9ennes et nationales en mati\u00e8re de protection des donn\u00e9es.<\/p><p>En cas de litige, vous avez le droit d\u2019introduire une r\u00e9clamation aupr\u00e8s de la CNIL : <a href=\"https:\/\/www.cnil.fr\/\">www.cnil.fr<\/a>.<\/p><p>Les pr\u00e9sentes mentions l\u00e9gales sont r\u00e9gies par le <strong>droit fran\u00e7ais<\/strong>.<\/p>\n<\/div><\/div>\n<\/section><\/div>","protected":false},"excerpt":{"rendered":"<p>Legal Notice IdentificationThe website https:\/\/www.ino.global is owned by INO Telecom, a simplified joint stock company (SAS) with a capital of \u20ac100,000, registered with the Montpellier Trade and Companies Register under number 498 454 412, with VAT number FR93 498454412.INO Telecom\u2019s headquarters is located at:INO TELECOM48, Rue Claude Balbastre34070 Montpellier \u2013 FranceYou can contact us at [&hellip;]<\/p>\n","protected":false},"author":1,"featured_media":0,"parent":0,"menu_order":0,"comment_status":"closed","ping_status":"closed","template":"","meta":{"_acf_changed":false,"_seopress_robots_primary_cat":"","_seopress_titles_title":"Legal Notices | INO CX \u2013 Contact Center Solutions Provider","_seopress_titles_desc":"Find all legal information about INO CX, telecom operator and CX solutions provider: site ownership, hosting provider, liability, and compliance notices.","_seopress_robots_index":"","_breakdance_hide_in_design_set":false,"_breakdance_tags":"","footnotes":""},"class_list":["post-1679","page","type-page","status-publish","hentry"],"acf":[],"_links":{"self":[{"href":"https:\/\/www.ino.global\/fr\/wp-json\/wp\/v2\/pages\/1679","targetHints":{"allow":["GET"]}}],"collection":[{"href":"https:\/\/www.ino.global\/fr\/wp-json\/wp\/v2\/pages"}],"about":[{"href":"https:\/\/www.ino.global\/fr\/wp-json\/wp\/v2\/types\/page"}],"author":[{"embeddable":true,"href":"https:\/\/www.ino.global\/fr\/wp-json\/wp\/v2\/users\/1"}],"replies":[{"embeddable":true,"href":"https:\/\/www.ino.global\/fr\/wp-json\/wp\/v2\/comments?post=1679"}],"version-history":[{"count":18,"href":"https:\/\/www.ino.global\/fr\/wp-json\/wp\/v2\/pages\/1679\/revisions"}],"predecessor-version":[{"id":33089,"href":"https:\/\/www.ino.global\/fr\/wp-json\/wp\/v2\/pages\/1679\/revisions\/33089"}],"wp:attachment":[{"href":"https:\/\/www.ino.global\/fr\/wp-json\/wp\/v2\/media?parent=1679"}],"curies":[{"name":"wp","href":"https:\/\/api.w.org\/{rel}","templated":true}]}}