{"id":31077,"date":"2025-05-30T19:33:58","date_gmt":"2025-05-30T18:33:58","guid":{"rendered":"https:\/\/www.ino.global\/?page_id=31077"},"modified":"2025-10-09T10:09:46","modified_gmt":"2025-10-09T09:09:46","slug":"politique-de-confidentialite","status":"publish","type":"page","link":"https:\/\/www.ino.global\/fr\/privacy-policy\/","title":{"rendered":"Politique de confidentialit\u00e9"},"content":{"rendered":"<div class='breakdance'><section class=\"bde-section-31077-122 bde-section\">\n  \n  \n\t\n\n\n\n<div class=\"section-container\"><div class=\"bde-div-31077-123 bde-div\">\n  \n  \n\t\n\n\n\n<h1 class=\"bde-heading-31077-104 bde-heading\">\nPolitique de confidentialit\u00e9\n<\/h1>\n<\/div><\/div>\n<\/section><section class=\"bde-section-31077-100 bde-section\">\n  \n  \n\t\n\n\n\n<div class=\"section-container\"><div class=\"bde-rich-text-31077-103 bde-rich-text breakdance-rich-text-styles\">\n<p data-start=\"408\" data-end=\"743\">Chez INO, nous nous engageons \u00e0 prot\u00e9ger vos donn\u00e9es personnelles et \u00e0 garantir la transparence sur la mani\u00e8re dont nous collectons et utilisons les informations via ce site (<a class=\"\" href=\"http:\/\/www.ino.global\/fr\/\" target=\"_new\" rel=\"noopener\" data-start=\"552\" data-end=\"566\">www.ino.global<\/a>). Cette politique s\u2019applique uniquement aux\u00a0<strong data-start=\"589\" data-end=\"634\">visiteurs et utilisateurs de notre site web<\/strong>, ou\u00a0<strong data-start=\"640\" data-end=\"697\">non aux utilisateurs de la plateforme INO CX ou d\u2019autres services<\/strong>, soumis \u00e0 des conditions de confidentialit\u00e9 distinctes.<\/p><h2 data-start=\"750\" data-end=\"767\">1. Qui sommes-nous<\/h2><p data-start=\"769\" data-end=\"893\">INO Telecom est un op\u00e9rateur t\u00e9l\u00e9com et fournisseur de technologies proposant des solutions de centre de contact omnicanal. Ce site est g\u00e9r\u00e9 par :<\/p><p data-start=\"895\" data-end=\"963\"><strong data-start=\"895\" data-end=\"902\">INO TELECOM<\/strong><br data-start=\"902\" data-end=\"905\" \/><a class=\"\" href=\"http:\/\/www.ino.global\/fr\/\" target=\"_new\" rel=\"noopener\" data-start=\"905\" data-end=\"919\">www.ino.global<\/a><br data-start=\"919\" data-end=\"922\" \/><a class=\"cursor-pointer\" rel=\"noopener\" data-start=\"922\" data-end=\"940\">contact@ino.global<\/a><br data-start=\"940\" data-end=\"943\" \/>+33 (0)1 70 39 99 01<\/p><h2 data-start=\"970\" data-end=\"1012\">2. Quelles donn\u00e9es nous collectons sur le site<\/h2><p data-start=\"1014\" data-end=\"1100\">Nous pouvons collecter les informations suivantes lorsque vous naviguez ou interagissez avec notre site :<\/p><ul data-start=\"1102\" data-end=\"1272\"><li data-start=\"1102\" data-end=\"1159\"><p data-start=\"1104\" data-end=\"1159\">Coordonn\u00e9es (ex. via formulaires : nom, e-mail, entreprise)<\/p><\/li><li data-start=\"1160\" data-end=\"1228\"><p data-start=\"1162\" data-end=\"1228\">Donn\u00e9es d\u2019utilisation du site (ex. : adresse IP, type de navigateur, pages visit\u00e9es)<\/p><\/li><li data-start=\"1229\" data-end=\"1272\"><p data-start=\"1231\" data-end=\"1272\">Cookies et donn\u00e9es de suivi (voir section 4)<\/p><\/li><\/ul><p data-start=\"1274\" data-end=\"1354\">Nous ne collectons pas sciemment d\u2019informations personnelles sensibles via ce site.<\/p><h2 data-start=\"1361\" data-end=\"1388\">3. Comment nous utilisons ces donn\u00e9es<\/h2><p data-start=\"1390\" data-end=\"1414\">Nous traitons vos donn\u00e9es afin de :<\/p><ul data-start=\"1416\" data-end=\"1617\"><li data-start=\"1416\" data-end=\"1458\"><p data-start=\"1418\" data-end=\"1458\">R\u00e9pondre \u00e0 vos demandes de contact ou de d\u00e9mo<\/p><\/li><li data-start=\"1459\" data-end=\"1525\"><p data-start=\"1461\" data-end=\"1525\">Fournir l\u2019acc\u00e8s \u00e0 des ressources ou abonnements (ex. : newsletters)<\/p><\/li><li data-start=\"1526\" data-end=\"1575\"><p data-start=\"1528\" data-end=\"1575\">Analyser le trafic du site et am\u00e9liorer notre contenu<\/p><\/li><li data-start=\"1576\" data-end=\"1617\"><p data-start=\"1578\" data-end=\"1617\">Garantir la s\u00e9curit\u00e9 et les performances du site<\/p><\/li><\/ul><p data-start=\"1619\" data-end=\"1712\">Les donn\u00e9es sont trait\u00e9es sur la base de\u00a0<strong data-start=\"1653\" data-end=\"1676\">l\u2019int\u00e9r\u00eat l\u00e9gitime<\/strong>\u00a0ou\u00a0<strong data-start=\"1680\" data-end=\"1696\">de votre consentement<\/strong>, selon le cas.<\/p><h2 data-start=\"1719\" data-end=\"1746\">4. Cookies et suivi<\/h2><p data-start=\"1748\" data-end=\"1776\">Notre site utilise des cookies pour :<\/p><ul data-start=\"1778\" data-end=\"1889\"><li data-start=\"1778\" data-end=\"1820\"><p data-start=\"1780\" data-end=\"1820\">Mesurer l\u2019audience et le trafic (statistiques)<\/p><\/li><li data-start=\"1821\" data-end=\"1846\"><p data-start=\"1823\" data-end=\"1846\">Am\u00e9liorer l\u2019exp\u00e9rience utilisateur<\/p><\/li><li data-start=\"1847\" data-end=\"1889\"><p data-start=\"1849\" data-end=\"1889\">M\u00e9moriser les pr\u00e9f\u00e9rences de langue ou de session<\/p><\/li><\/ul><p data-start=\"1891\" data-end=\"1989\">Vous pouvez g\u00e9rer vos pr\u00e9f\u00e9rences de cookies \u00e0 tout moment via notre bandeau de cookies ou les param\u00e8tres de votre navigateur.<\/p><p data-start=\"1991\" data-end=\"2019\"><strong data-start=\"1991\" data-end=\"2019\">Types de cookies que nous utilisons :<\/strong><\/p><ul data-start=\"2020\" data-end=\"2177\"><li data-start=\"2020\" data-end=\"2077\"><p data-start=\"2022\" data-end=\"2077\"><strong data-start=\"2022\" data-end=\"2043\">Cookies essentiels<\/strong>\u00a0\u2013 n\u00e9cessaires au bon fonctionnement du site<\/p><\/li><li data-start=\"2078\" data-end=\"2126\"><p data-start=\"2080\" data-end=\"2126\"><strong data-start=\"2080\" data-end=\"2101\">Cookies d\u2019analyse<\/strong>\u00a0\u2013 ex. : Google Analytics<\/p><\/li><li data-start=\"2127\" data-end=\"2177\"><p data-start=\"2129\" data-end=\"2177\"><strong data-start=\"2129\" data-end=\"2151\">Cookies de pr\u00e9f\u00e9rence<\/strong>\u00a0\u2013 ex. : param\u00e8tres de langue<\/p><\/li><\/ul><p data-start=\"2179\" data-end=\"2253\">Nous demandons votre\u00a0<strong data-start=\"2195\" data-end=\"2215\">consentement explicite<\/strong>\u00a0avant de d\u00e9poser des cookies non essentiels.<\/p><h2 data-start=\"2260\" data-end=\"2301\">5. Comment nous stockons et prot\u00e9geons vos donn\u00e9es<\/h2><p data-start=\"2303\" data-end=\"2417\">Vos donn\u00e9es sont stock\u00e9es sur des serveurs s\u00e9curis\u00e9s dans l\u2019UE et prot\u00e9g\u00e9es par des mesures techniques et organisationnelles, notamment :<\/p><ul data-start=\"2419\" data-end=\"2510\"><li data-start=\"2419\" data-end=\"2455\"><p data-start=\"2421\" data-end=\"2455\">Chiffrement TLS pour les donn\u00e9es en transit<\/p><\/li><li data-start=\"2456\" data-end=\"2484\"><p data-start=\"2458\" data-end=\"2484\">Contr\u00f4le d\u2019acc\u00e8s et journalisation<\/p><\/li><li data-start=\"2485\" data-end=\"2510\"><p data-start=\"2487\" data-end=\"2510\">Audits de s\u00e9curit\u00e9 r\u00e9guliers<\/p><\/li><\/ul><h2 data-start=\"2517\" data-end=\"2536\">6. Partage des donn\u00e9es<\/h2><p data-start=\"2538\" data-end=\"2561\">Nous pouvons partager des donn\u00e9es avec :<\/p><ul data-start=\"2563\" data-end=\"2682\"><li data-start=\"2563\" data-end=\"2643\"><p data-start=\"2565\" data-end=\"2643\">Nos prestataires d\u2019h\u00e9bergement et d\u2019analyse du site (sous contrat de traitement des donn\u00e9es)<\/p><\/li><li data-start=\"2644\" data-end=\"2682\"><p data-start=\"2646\" data-end=\"2682\">Les autorit\u00e9s l\u00e9gales si la loi l\u2019exige<\/p><\/li><\/ul><p data-start=\"2684\" data-end=\"2724\">Nous ne vendons jamais vos informations personnelles.<\/p><h2 data-start=\"2731\" data-end=\"2749\">7. Vos droits<\/h2><p data-start=\"2751\" data-end=\"2802\">Conform\u00e9ment au RGPD, vous disposez des droits suivants :<\/p><ul data-start=\"2804\" data-end=\"2978\"><li data-start=\"2804\" data-end=\"2831\"><p data-start=\"2806\" data-end=\"2831\">Acc\u00e9der \u00e0 vos donn\u00e9es personnelles<\/p><\/li><li data-start=\"2832\" data-end=\"2864\"><p data-start=\"2834\" data-end=\"2864\">Demander la rectification ou la suppression<\/p><\/li><li data-start=\"2865\" data-end=\"2899\"><p data-start=\"2867\" data-end=\"2899\">Vous opposer au traitement ou en demander la limitation<\/p><\/li><li data-start=\"2900\" data-end=\"2923\"><p data-start=\"2902\" data-end=\"2923\">Retirer votre consentement \u00e0 tout moment<\/p><\/li><li data-start=\"2924\" data-end=\"2978\"><p data-start=\"2926\" data-end=\"2978\">D\u00e9poser une plainte aupr\u00e8s de la CNIL ou de l\u2019autorit\u00e9 comp\u00e9tente<\/p><\/li><\/ul><p data-start=\"2980\" data-end=\"3037\">Pour exercer vos droits, contactez\u00a0<strong data-start=\"3019\" data-end=\"3037\"><a class=\"cursor-pointer\" href=\"mailto:rgpd@ino.global\" data-start=\"3021\" data-end=\"3035\">rgpd@ino.global<\/a><\/strong><\/p><h2 data-start=\"3044\" data-end=\"3068\">8. Liens vers des sites tiers<\/h2><p data-start=\"3070\" data-end=\"3259\">Ce site peut contenir des liens vers des sites ou services tiers. Nous ne sommes pas responsables de leurs pratiques en mati\u00e8re de confidentialit\u00e9. Nous vous recommandons de consulter leurs politiques de confidentialit\u00e9 avant de fournir des donn\u00e9es.<\/p><h2 data-start=\"3266\" data-end=\"3295\">9. Modifications de cette politique<\/h2><p data-start=\"3297\" data-end=\"3409\">Les modifications seront publi\u00e9es sur cette page avec une nouvelle date d\u2019entr\u00e9e en vigueur.<\/p>\n<\/div><\/div>\n<\/section><\/div>","protected":false},"excerpt":{"rendered":"<p>Privacy Policy At INO, we are committed to protecting your personal data and ensuring transparency in how we collect and use information through this website (www.ino.global). This policy applies\u00a0only to visitors and users of our website, and\u00a0not to users of the INO CX platform or other services, which are subject to separate privacy terms.1. Who [&hellip;]<\/p>\n","protected":false},"author":2,"featured_media":0,"parent":0,"menu_order":0,"comment_status":"closed","ping_status":"closed","template":"","meta":{"_acf_changed":false,"_seopress_robots_primary_cat":"","_seopress_titles_title":"Privacy Policy | INO CX \u2013 Secure & Compliant Customer Experience Solutions","_seopress_titles_desc":"Learn how INO CX protects your personal data. Our privacy policy outlines our commitment to data security, transparency, and compliance with legal standards across all our contact center solutions.","_seopress_robots_index":"","_breakdance_hide_in_design_set":false,"_breakdance_tags":"","footnotes":""},"class_list":["post-31077","page","type-page","status-publish","hentry"],"acf":[],"_links":{"self":[{"href":"https:\/\/www.ino.global\/fr\/wp-json\/wp\/v2\/pages\/31077","targetHints":{"allow":["GET"]}}],"collection":[{"href":"https:\/\/www.ino.global\/fr\/wp-json\/wp\/v2\/pages"}],"about":[{"href":"https:\/\/www.ino.global\/fr\/wp-json\/wp\/v2\/types\/page"}],"author":[{"embeddable":true,"href":"https:\/\/www.ino.global\/fr\/wp-json\/wp\/v2\/users\/2"}],"replies":[{"embeddable":true,"href":"https:\/\/www.ino.global\/fr\/wp-json\/wp\/v2\/comments?post=31077"}],"version-history":[{"count":7,"href":"https:\/\/www.ino.global\/fr\/wp-json\/wp\/v2\/pages\/31077\/revisions"}],"predecessor-version":[{"id":33090,"href":"https:\/\/www.ino.global\/fr\/wp-json\/wp\/v2\/pages\/31077\/revisions\/33090"}],"wp:attachment":[{"href":"https:\/\/www.ino.global\/fr\/wp-json\/wp\/v2\/media?parent=31077"}],"curies":[{"name":"wp","href":"https:\/\/api.w.org\/{rel}","templated":true}]}}