{"id":33123,"date":"2025-11-13T16:26:15","date_gmt":"2025-11-13T15:26:15","guid":{"rendered":"https:\/\/www.ino.global\/?page_id=33123"},"modified":"2026-01-16T10:34:51","modified_gmt":"2026-01-16T09:34:51","slug":"club-utilisateurs-ino-cx-0126","status":"publish","type":"page","link":"https:\/\/www.ino.global\/fr\/club-utilisateurs-ino-cx-0126\/","title":{"rendered":"Club Utilisateurs INO CX - Jan 2026"},"content":{"rendered":"<div class='breakdance'><section class=\"bde-section-33123-134 bde-section\">\n              \n  \n  \n\t\n\n\n\n<div class=\"section-container\"><div class=\"bde-div-33123-135 bde-div\">\n  \n  \n\t\n\n\n\n<div class=\"bde-div-33123-136 bde-div\">\n  \n  \n\t\n\n\n\n<div class=\"bde-text-33123-141 bde-text\">\nEvenment exclusive\n<\/div>\n<\/div><h1 class=\"bde-heading-33123-138 bde-heading\">\nClub Utilisateurs INO CX-\u00a01\u02b3\u1d49 \u00e9dition\n<\/h1><div class=\"bde-text-33123-140 bde-text\">\nUne journ\u00e9e d\u00e9di\u00e9e \u00e0 nos clients pour \u00e9changer, d\u00e9couvrir les nouveaut\u00e9s et co-construire ensemble la relation client de demain.\n<\/div>\n<\/div><div class=\"bde-grid-33123-243 bde-grid\">\n  \n  \n\t\n\n\n\n<div class=\"bde-div-33123-238 bde-div\">\n  \n  \n\t\n\n\n\n<div class=\"bde-icon-33123-258 bde-icon\">\n\n    \n            <div class=\"bde-icon-icon breakdance-icon-atom\" >\n    \n                    <svg xmlns=\"http:\/\/www.w3.org\/2000\/svg\" viewBox=\"0 0 448 512\"><!--! Font Awesome Free 6.5.1 by @fontawesome - https:\/\/fontawesome.com License - https:\/\/fontawesome.com\/license\/free (Icons: CC BY 4.0, Fonts: SIL OFL 1.1, Code: MIT License) Copyright 2023 Fonticons, Inc. --><path d=\"M152 24c0-13.3-10.7-24-24-24s-24 10.7-24 24V64H64C28.7 64 0 92.7 0 128v16 48V448c0 35.3 28.7 64 64 64H384c35.3 0 64-28.7 64-64V192 144 128c0-35.3-28.7-64-64-64H344V24c0-13.3-10.7-24-24-24s-24 10.7-24 24V64H152V24zM48 192H400V448c0 8.8-7.2 16-16 16H64c-8.8 0-16-7.2-16-16V192z\"\/><\/svg>\n        \n        \n        \n            <\/div>\n    \n\n\n<\/div><h1 class=\"bde-heading-33123-241 bde-heading\">\nDate\n<\/h1><div class=\"bde-text-33123-242 bde-text\">\n29 Jan, 2026\n<\/div>\n<\/div><div class=\"bde-div-33123-251 bde-div\">\n  \n  \n\t\n\n\n\n<div class=\"bde-icon-33123-259 bde-icon\">\n\n    \n            <div class=\"bde-icon-icon breakdance-icon-atom\" >\n    \n                    <svg xmlns=\"http:\/\/www.w3.org\/2000\/svg\" id=\"icon-clock\" viewBox=\"0 0 32 32\">\n<path d=\"M20.586 23.414l-6.586-6.586v-8.828h4v7.172l5.414 5.414zM16 0c-8.837 0-16 7.163-16 16s7.163 16 16 16 16-7.163 16-16-7.163-16-16-16zM16 28c-6.627 0-12-5.373-12-12s5.373-12 12-12c6.627 0 12 5.373 12 12s-5.373 12-12 12z\"\/>\n<\/svg>\n        \n        \n        \n            <\/div>\n    \n\n\n<\/div><h1 class=\"bde-heading-33123-252 bde-heading\">\nHeure\n<\/h1><div class=\"bde-text-33123-253 bde-text\">\n11h00 - 15h00\n<\/div>\n<\/div><div class=\"bde-div-33123-254 bde-div\">\n  \n  \n\t\n\n\n\n<div class=\"bde-icon-33123-260 bde-icon\">\n\n    \n            <div class=\"bde-icon-icon breakdance-icon-atom\" >\n    \n                    <svg xmlns=\"http:\/\/www.w3.org\/2000\/svg\" viewBox=\"0 0 320 512\"><!--! Font Awesome Free 6.5.1 by @fontawesome - https:\/\/fontawesome.com License - https:\/\/fontawesome.com\/license\/free (Icons: CC BY 4.0, Fonts: SIL OFL 1.1, Code: MIT License) Copyright 2023 Fonticons, Inc. --><path d=\"M16 144a144 144 0 1 1 288 0A144 144 0 1 1 16 144zM160 80c8.8 0 16-7.2 16-16s-7.2-16-16-16c-53 0-96 43-96 96c0 8.8 7.2 16 16 16s16-7.2 16-16c0-35.3 28.7-64 64-64zM128 480V317.1c10.4 1.9 21.1 2.9 32 2.9s21.6-1 32-2.9V480c0 17.7-14.3 32-32 32s-32-14.3-32-32z\"\/><\/svg>\n        \n        \n        \n            <\/div>\n    \n\n\n<\/div><h1 class=\"bde-heading-33123-255 bde-heading\">\nLieu\n<\/h1><div class=\"bde-text-33123-256 bde-text\">\nGoogle Paris<br>8 Rue de Londres, 75009 Paris\n<\/div>\n<\/div>\n<\/div><\/div>\n<\/section><section class=\"bde-section-33123-142 bde-section\">\n  \n  \n\t\n\n\n\n<div class=\"section-container\"><div class=\"bde-div-33123-145 bde-div\">\n  \n  \n\t\n\n\n\n<h2 class=\"bde-heading-33123-146 bde-heading\">\nProgramme\n<\/h2><div class=\"bde-text-33123-147 bde-text\">\nUn rendez-vous rythm\u00e9 par des temps forts pens\u00e9s pour vous : retours d\u2019exp\u00e9rience, \u00e9changes concrets, d\u00e9couvertes produits\u2026 et surtout, des moments privil\u00e9gi\u00e9s pour co-construire l\u2019avenir de vos projets CX.\n<\/div><div class=\"bde-text-33123-276 bde-text\">\n\n<\/div><div class=\"bde-columns-33123-261 bde-columns\"><div class=\"bde-column-33123-262 bde-column\">\n  \n  \n\t\n\n\n\n<div class=\"bde-div-33123-257 bde-div\">\n  \n  \n\t\n\n\n\n<div class=\"bde-div-33123-196 bde-div\">\n  \n  \n\t\n\n\n\n<div class=\"bde-columns-33123-191 bde-columns\"><div class=\"bde-column-33123-192 bde-column\">\n  \n  \n\t\n\n\n\n<h1 class=\"bde-heading-33123-194 bde-heading\">\n11h00 \u2013 11h20\n<\/h1>\n<\/div><div class=\"bde-column-33123-193 bde-column\">\n  \n  \n\t\n\n\n\n<div class=\"bde-text-33123-195 bde-text\">\nAccueil caf\u00e9 & introduction\n<\/div>\n<\/div><\/div>\n<\/div><div class=\"bde-div-33123-197 bde-div\">\n  \n  \n\t\n\n\n\n<div class=\"bde-columns-33123-198 bde-columns\"><div class=\"bde-column-33123-199 bde-column\">\n  \n  \n\t\n\n\n\n<h1 class=\"bde-heading-33123-200 bde-heading\">\n11h20 \u2013 12h00\n<\/h1>\n<\/div><div class=\"bde-column-33123-201 bde-column\">\n  \n  \n\t\n\n\n\n<div class=\"bde-text-33123-202 bde-text\">\nRoadmap INO CX\n<\/div>\n<\/div><\/div>\n<\/div><div class=\"bde-div-33123-203 bde-div\">\n  \n  \n\t\n\n\n\n<div class=\"bde-columns-33123-204 bde-columns\"><div class=\"bde-column-33123-205 bde-column\">\n  \n  \n\t\n\n\n\n<h1 class=\"bde-heading-33123-206 bde-heading\">\n12h00 \u2013 12h20<br>\n<\/h1>\n<\/div><div class=\"bde-column-33123-207 bde-column\">\n  \n  \n\t\n\n\n\n<div class=\"bde-text-33123-208 bde-text\">\nLes temps forts de la derni\u00e8re release\n<\/div>\n<\/div><\/div>\n<\/div><div class=\"bde-fancy-divider-33123-318 bde-fancy-divider\">\n\n\n<div class=\"bde-fancy-divider__wrapper\">\n  <div class=\"bde-fancy-divider__separator has-content  \">\n  \t    \t    \t          <div class=\"bde-fancy-divider__content bde-fancy-divider__content--text\">\n          Pause\n          <\/div>\n    \t      <\/div>\n<\/div>\n\n<\/div><div class=\"bde-div-33123-209 bde-div\">\n  \n  \n\t\n\n\n\n<div class=\"bde-columns-33123-210 bde-columns\"><div class=\"bde-column-33123-211 bde-column\">\n  \n  \n\t\n\n\n\n<h1 class=\"bde-heading-33123-212 bde-heading\">\n12h30 \u2013 12h50\n<\/h1>\n<\/div><div class=\"bde-column-33123-213 bde-column\">\n  \n  \n\t\n\n\n\n<div class=\"bde-text-33123-214 bde-text\">\nCas d\u2019usage clients & retours d\u2019exp\u00e9rience\n<\/div>\n<\/div><\/div>\n<\/div><div class=\"bde-div-33123-215 bde-div\">\n  \n  \n\t\n\n\n\n<div class=\"bde-columns-33123-216 bde-columns\"><div class=\"bde-column-33123-217 bde-column\">\n  \n  \n\t\n\n\n\n<h1 class=\"bde-heading-33123-218 bde-heading\">\n12h50 \u2013 13h00\n<\/h1>\n<\/div><div class=\"bde-column-33123-219 bde-column\">\n  \n  \n\t\n\n\n\n<div class=\"bde-text-33123-220 bde-text\">\nIntervention Google\n<\/div>\n<\/div><\/div>\n<\/div><div class=\"bde-div-33123-221 bde-div\">\n  \n  \n\t\n\n\n\n<div class=\"bde-columns-33123-222 bde-columns\"><div class=\"bde-column-33123-223 bde-column\">\n  \n  \n\t\n\n\n\n<h1 class=\"bde-heading-33123-224 bde-heading\">\n13h00 \u2013 15h00\n<\/h1>\n<\/div><div class=\"bde-column-33123-225 bde-column\">\n  \n  \n\t\n\n\n\n<div class=\"bde-text-33123-226 bde-text\">\nCocktail d\u00e9jeunatoire & networking\n<\/div>\n<\/div><\/div>\n<\/div>\n<\/div>\n<\/div><div class=\"bde-column-33123-263 bde-column\">\n  \n  \n\t\n\n\n\n<img decoding=\"async\" class=\"bde-image2-33123-264 bde-image2\" src=\"https:\/\/www.ino.global\/wp-content\/uploads\/2025\/11\/INO-CX-x-ChromeOS.png\" loading=\"lazy\" srcset=\"https:\/\/www.ino.global\/wp-content\/uploads\/2025\/11\/INO-CX-x-ChromeOS.png 737w, https:\/\/www.ino.global\/wp-content\/uploads\/2025\/11\/INO-CX-x-ChromeOS-300x201.png 300w, https:\/\/www.ino.global\/wp-content\/uploads\/2025\/11\/INO-CX-x-ChromeOS-18x12.png 18w\" sizes=\"(max-width: 737px) 100vw, 737px\">\n<\/div><\/div>\n<\/div><\/div>\n<\/section><section class=\"bde-section-33123-307 bde-section\">\n  \n  \n\t\n\n\n\n<div class=\"section-container\"><div class=\"bde-div-33123-308 bde-div\">\n              \n  \n  \n\t\n\n\n\n<div class=\"bde-div-33123-309 bde-div\">\n  \n  \n\t\n\n\n\n<h2 class=\"bde-heading-33123-310 bde-heading\">\nVos pr\u00e9f\u00e9rences de communication\n<\/h2><div class=\"bde-text-33123-265 bde-text\">\nPour l\u2019organisation de l\u2019\u00e9v\u00e9nement et nos communications, merci de nous indiquer vos pr\u00e9f\u00e9rences.<br>\ud83d\udc49 Aucune participation n\u2019est obligatoire.\n<\/div>\n<\/div><div class=\"bde-div-33123-311 bde-div\">\n  \n  \n\t\n\n\n\n<div class=\"bde-form-builder-33123-289 bde-form-builder\">\n\n<form id=\"club-utilisateurs289\" class=\"breakdance-form breakdance-form--vertical\" data-options=\"{&quot;slug&quot;:&quot;custom&quot;,&quot;name&quot;:&quot;Club utilisateurs&quot;,&quot;ajaxUrl&quot;:&quot;https:\\\/\\\/www.ino.global\\\/wp-admin\\\/admin-ajax.php&quot;,&quot;clearOnSuccess&quot;:true,&quot;hideOnSuccess&quot;:true,&quot;successMessage&quot;:&quot;Merci ! Votre r\\u00e9ponse a bien \\u00e9t\\u00e9 prise en compte.&quot;,&quot;errorMessage&quot;:&quot;Erreur lors de l\\u2019envoi du formulaire. Merci de r\\u00e9essayer.&quot;,&quot;redirect&quot;:false,&quot;redirectUrl&quot;:&quot;&quot;,&quot;customJavaScript&quot;:&quot;&quot;,&quot;recaptcha&quot;:{&quot;key&quot;:&quot;6LcZo1QrAAAAAKFbUB6EC_qKf0gX2kjZCXo-_Te6&quot;,&quot;enabled&quot;:true},&quot;honeypot_enabled&quot;:true,&quot;popupsOnSuccess&quot;:[],&quot;popupsOnError&quot;:[]}\" data-steps=\"0\" >\n  \n  \n  \n<div class=\"breakdance-form-field breakdance-form-field--text\" >\n    \n    \n            <label class=\"breakdance-form-field__label\" for=\"aarird\">\n            Pr\u00e9nom<span class=\"breakdance-form-field__required\">*<\/span>\n        <\/label>\n    \n    <input\n    class=\"breakdance-form-field__input\"\n    id=\"aarird\"\n    aria-describedby=\"aarird\"\n    type=\"text\"\n    name=\"fields[aarird]\"\n    placeholder=\"\"\n    value=\"\"\n                \n        \n        \n    required\n    \n    \n    \n>\n\n\n    \n    \n<\/div>\n\n\n<div class=\"breakdance-form-field breakdance-form-field--text\" >\n    \n    \n            <label class=\"breakdance-form-field__label\" for=\"lwutdm\">\n            Nom<span class=\"breakdance-form-field__required\">*<\/span>\n        <\/label>\n    \n    <input\n    class=\"breakdance-form-field__input\"\n    id=\"lwutdm\"\n    aria-describedby=\"lwutdm\"\n    type=\"text\"\n    name=\"fields[lwutdm]\"\n    placeholder=\"\"\n    value=\"\"\n                \n        \n        \n    required\n    \n    \n    \n>\n\n\n    \n    \n<\/div>\n\n\n<div class=\"breakdance-form-field breakdance-form-field--select\" >\n    \n    \n            <label class=\"breakdance-form-field__label\" for=\"dawskp\">\n            Acceptez-vous d\u2019appara\u00eetre sur une photo de groupe utilis\u00e9e sur le site INO CX et nos r\u00e9seaux sociaux ? (Aucun tag ni mention nominative)\n        <\/label>\n    \n    <select\n    class=\"breakdance-form-field__input\"\n    id=\"dawskp\"\n    name=\"fields[dawskp]\"\n    \n    \n        >\n      <option value=\"\">Select...<\/option>\n          <option value=\"Oui\" >Oui<\/option>\n        <option value=\"Non\" >Non<\/option>\n  <\/select>\n\n\n    \n    \n<\/div>\n\n\n<div class=\"breakdance-form-field breakdance-form-field--select\" >\n    \n    \n            <label class=\"breakdance-form-field__label\" for=\"nimbto\">\n            Seriez-vous d\u2019accord pour partager un retour d\u2019exp\u00e9rience lors de l\u2019\u00e9v\u00e9nement ?\n        <\/label>\n    \n    <select\n    class=\"breakdance-form-field__input\"\n    id=\"nimbto\"\n    name=\"fields[nimbto]\"\n    \n    \n        >\n      <option value=\"\">Select...<\/option>\n          <option value=\"Oui\" >Oui<\/option>\n        <option value=\"Non\" >Non<\/option>\n        <option value=\"\u00c0 discuter\" >\u00c0 discuter<\/option>\n  <\/select>\n\n\n    \n    \n<\/div>\n\n\n<div class=\"breakdance-form-field breakdance-form-field--select\" >\n    \n    \n            <label class=\"breakdance-form-field__label\" for=\"tiisce\">\n            Acceptez-vous d\u2019enregistrer une courte vid\u00e9o de retour d\u2019exp\u00e9rience INO CX dans le studio Google (14h30\u201316h30) ?\n        <\/label>\n    \n    <select\n    class=\"breakdance-form-field__input\"\n    id=\"tiisce\"\n    name=\"fields[tiisce]\"\n    \n    \n        >\n      <option value=\"\">Select...<\/option>\n          <option value=\"Oui\" >Oui<\/option>\n        <option value=\"Non\" >Non<\/option>\n        <option value=\"\u00c0 discuter\" >\u00c0 discuter<\/option>\n  <\/select>\n\n\n    \n    \n<\/div>\n\n\n<div class=\"breakdance-form-field breakdance-form-field--select\" >\n    \n    \n            <label class=\"breakdance-form-field__label\" for=\"rzcbfi\">\n            Acceptez-vous de r\u00e9pondre \u00e0 quelques questions en vid\u00e9o (1 \u00e0 2 phrases) \u00e0 l\u2019issue de l\u2019\u00e9v\u00e9nement ?\n        <\/label>\n    \n    <select\n    class=\"breakdance-form-field__input\"\n    id=\"rzcbfi\"\n    name=\"fields[rzcbfi]\"\n    \n    \n        >\n      <option value=\"\">Select...<\/option>\n          <option value=\"Oui\" >Oui<\/option>\n        <option value=\"Non\" >Non<\/option>\n  <\/select>\n\n\n    \n    \n<\/div>\n\n\n<div class=\"breakdance-form-field breakdance-form-field--hpinput\" >\n    \n    \n            <label class=\"breakdance-form-field__label\" for=\"hpname\">\n            HP Name\n        <\/label>\n    \n    <input\n    class=\"breakdance-form-field__input\"\n    id=\"hpname\"\n    aria-describedby=\"hpname\"\n    type=\"hpinput\"\n    name=\"fields[hpname]\"\n    placeholder=\"\"\n    value=\"\"\n                \n        \n        \n    \n    autocomplete=\"off\"\n    tabindex=\"-1\"\n    \n>\n\n\n    \n    \n<\/div>\n\n\n<div class=\"breakdance-form-field breakdance-form-field--hidden\" >\n    \n    \n    \n    <input\n    id=\"csrf-token-289\"\n    type=\"hidden\"\n    name=\"fields[csrfToken]\"\n    value=\"22fb2ec2e9\"\n    >\n\n\n    \n    \n<\/div>\n\n\n  \n\n<div class=\"breakdance-form-field breakdance-form-footer\">\n    \n    \n                                    \n    \n    \n    \n    \n            \n            <button type=\"submit\" class=\"button-atom button-atom--primary breakdance-form-button breakdance-form-button__submit\"  >\n    \n        <span class=\"button-atom__text\">Envoyer<\/span>\n\n        \n        \n            <\/button>\n    \n    <input type=\"hidden\" name=\"form_id\" value=\"289\">\n    <input type=\"hidden\" name=\"post_id\" value=\"33123\">\n<\/div>\n\n  \n<\/form>\n\n\n<\/div>\n<\/div>\n<\/div><\/div>\n<\/section><\/div>","protected":false},"excerpt":{"rendered":"<p>Evenment exclusive Club Utilisateurs INO CX-\u00a01\u02b3\u1d49 \u00e9dition Une journ\u00e9e d\u00e9di\u00e9e \u00e0 nos clients pour \u00e9changer, d\u00e9couvrir les nouveaut\u00e9s et co-construire ensemble la relation client de demain. Date 29 Jan, 2026 Heure 11h00 &#8211; 15h00 Lieu Google Paris8 Rue de Londres, 75009 Paris Programme Un rendez-vous rythm\u00e9 par des temps forts pens\u00e9s pour vous : retours [&hellip;]<\/p>\n","protected":false},"author":2,"featured_media":0,"parent":0,"menu_order":0,"comment_status":"closed","ping_status":"closed","template":"","meta":{"_acf_changed":false,"_seopress_robots_primary_cat":"","_seopress_titles_title":"","_seopress_titles_desc":"","_seopress_robots_index":"","_breakdance_hide_in_design_set":false,"_breakdance_tags":"","footnotes":""},"class_list":["post-33123","page","type-page","status-publish","hentry"],"acf":[],"_links":{"self":[{"href":"https:\/\/www.ino.global\/fr\/wp-json\/wp\/v2\/pages\/33123","targetHints":{"allow":["GET"]}}],"collection":[{"href":"https:\/\/www.ino.global\/fr\/wp-json\/wp\/v2\/pages"}],"about":[{"href":"https:\/\/www.ino.global\/fr\/wp-json\/wp\/v2\/types\/page"}],"author":[{"embeddable":true,"href":"https:\/\/www.ino.global\/fr\/wp-json\/wp\/v2\/users\/2"}],"replies":[{"embeddable":true,"href":"https:\/\/www.ino.global\/fr\/wp-json\/wp\/v2\/comments?post=33123"}],"version-history":[{"count":19,"href":"https:\/\/www.ino.global\/fr\/wp-json\/wp\/v2\/pages\/33123\/revisions"}],"predecessor-version":[{"id":33260,"href":"https:\/\/www.ino.global\/fr\/wp-json\/wp\/v2\/pages\/33123\/revisions\/33260"}],"wp:attachment":[{"href":"https:\/\/www.ino.global\/fr\/wp-json\/wp\/v2\/media?parent=33123"}],"curies":[{"name":"wp","href":"https:\/\/api.w.org\/{rel}","templated":true}]}}