{"id":738,"date":"2025-03-19T15:12:12","date_gmt":"2025-03-19T14:12:12","guid":{"rendered":"https:\/\/ino.local\/?page_id=738"},"modified":"2025-06-03T13:00:09","modified_gmt":"2025-06-03T12:00:09","slug":"recrutement","status":"publish","type":"page","link":"https:\/\/www.ino.global\/fr\/career\/","title":{"rendered":"Carri\u00e8re"},"content":{"rendered":"<div class='breakdance'><section class=\"bde-section-738-100 bde-section\">\n              \n  \n  \n\t\n\n\n\n<div class=\"section-container\"><div class=\"bde-div-738-103 bde-div\">\n  \n  \n\t\n\n\n\n<div class=\"bde-div-738-104 bde-div\">\n  \n  \n\t\n\n\n\n<div class=\"bde-code-block-738-105 bde-code-block\">\n\n  <nav  aria-label=\"Fil d&#039;Ariane\"><ol class=\"breadcrumb\"><li class=\"breadcrumb-item active\" aria-current=\"page\"><span>Accueil<\/span><\/li><\/ol><\/nav>\n\n\n<\/div>\n<\/div><h1 class=\"bde-heading-738-106 bde-heading\">\nFaites partie de ceux qui<br>r\u00e9inventent l\u2019exp\u00e9rience client\n<\/h1><img decoding=\"async\" class=\"bde-image2-738-109 bde-image2\" src=\"https:\/\/www.ino.global\/wp-content\/uploads\/2025\/04\/Company_Careers.png\" alt=\"Carri\u00e8res chez INO CX\" loading=\"lazy\" srcset=\"https:\/\/www.ino.global\/wp-content\/uploads\/2025\/04\/Company_Careers.png 731w, https:\/\/www.ino.global\/wp-content\/uploads\/2025\/04\/Company_Careers-300x175.png 300w, https:\/\/www.ino.global\/wp-content\/uploads\/2025\/04\/Company_Careers-18x10.png 18w\" sizes=\"(max-width: 731px) 100vw, 731px\"><div class=\"bde-text-738-107 bde-text\">\nChez INO, nous ne nous contentons pas de cr\u00e9er des solutions \u2014 nous fa\u00e7onnons l\u2019avenir de l\u2019exp\u00e9rience client. Rejoignez une \u00e9quipe o\u00f9 la cr\u00e9ativit\u00e9 rencontre la technologie et o\u00f9 chaque id\u00e9e peut avoir un impact r\u00e9el. Faites partie d\u2019un mouvement mondial qui offre des exp\u00e9riences exceptionnelles \u00e0 nos clients et partenaires. \n<\/div><div class=\"bde-button-738-365 bde-button\">\n    \n                                    \n    \n    \n    \n    \n            \n                    \n            \n            \n\n    \n    \n    \n    \n    \n    <a class=\"breakdance-link button-atom button-atom--primary bde-button__button\" href=\"#Positions\" target=\"_self\" data-type=\"url\"  >\n\n    \n        <span class=\"button-atom__text\">D\u00e9couvrir nos opportunit\u00e9s<\/span>\n\n        \n        \n                <\/a>\n\n    \n\n\n<\/div>\n<\/div><\/div>\n<\/section><section class=\"bde-section-738-479 bde-section\">\n  \n  \n\t\n\n\n\n<div class=\"section-container\"><div class=\"bde-div-738-480 bde-div\">\n  \n  \n\t\n\n\n\n<div class=\"bde-div-738-481 bde-div\">\n  \n  \n\t\n\n\n\n<h2 class=\"bde-heading-738-482 bde-heading\">\nR\u00e9v\u00e9lez les talents, cultivez l\u2019ambition\n<\/h2><div class=\"bde-text-738-483 bde-text\">\nChez INO, nous ne vous offrons pas seulement un emploi \u2014 nous vous donnons un environnement pour grandir, innover et vous \u00e9panouir. Avec des avantages comp\u00e9titifs et de vraies opportunit\u00e9s d\u2019\u00e9volution, notre priorit\u00e9 est de vous donner les moyens de r\u00e9ussir. Rejoignez une entreprise qui prend soin de votre bien-\u00eatre, valorise vos talents et c\u00e9l\u00e8bre vos r\u00e9ussites.\n<\/div>\n<\/div><div class=\"bde-columns-738-484 bde-columns\"><div class=\"bde-column-738-485 bde-column\">\n  \n  \n\t\n\n\n\n<div class=\"bde-div-738-486 bde-div\">\n  \n  \n\t\n\n\n\n<h3 class=\"bde-heading-738-487 bde-heading\">\nUn environnement de travail stimulant<br>\n<\/h3><div class=\"bde-text-738-488 bde-text\">\nCollaborez avec des \u00e9quipes passionn\u00e9es et expertes, dans un cadre qui valorise l\u2019innovation, le bien-\u00eatre et la r\u00e9ussite collective.\n<\/div>\n<\/div>\n<\/div><div class=\"bde-column-738-489 bde-column\">\n  \n  \n\t\n\n\n\n<div class=\"bde-div-738-490 bde-div\">\n  \n  \n\t\n\n\n\n<h3 class=\"bde-heading-738-491 bde-heading\">\nDes opportunit\u00e9s concr\u00e8tes d\u2019\u00e9volution\n<\/h3><div class=\"bde-text-738-492 bde-text\">\nContribuez \u00e0 des projets innovants avec les technologies les plus avanc\u00e9es, du cloud \u00e0 l\u2019intelligence artificielle.\n<\/div>\n<\/div>\n<\/div><div class=\"bde-column-738-493 bde-column\">\n  \n  \n\t\n\n\n\n<div class=\"bde-div-738-494 bde-div\">\n  \n  \n\t\n\n\n\n<h3 class=\"bde-heading-738-495 bde-heading\">\nDes innovations qui ont du sens\n<\/h3><div class=\"bde-text-738-496 bde-text\">\nJouez un r\u00f4le cl\u00e9 dans la cr\u00e9ation d\u2019exp\u00e9riences uniques pour nos clients et partenaires gr\u00e2ce \u00e0 nos solutions de pointe.\n<\/div>\n<\/div>\n<\/div><div class=\"bde-column-738-497 bde-column\">\n  \n  \n\t\n\n\n\n<div class=\"bde-div-738-498 bde-div\">\n  \n  \n\t\n\n\n\n<h3 class=\"bde-heading-738-499 bde-heading\">\nUne port\u00e9e mondiale, une expertise locale<br>\n<\/h3><div class=\"bde-text-738-500 bde-text\">\nTravaillez sur des projets internationaux en tirant parti de notre connaissance approfondie des march\u00e9s r\u00e9gionaux.\n<\/div>\n<\/div>\n<\/div><\/div>\n<\/div><\/div>\n<\/section><section class=\"bde-section-738-460 bde-section\">\n  \n  \n\t\n\n\n\n<div class=\"section-container\"><div class=\"bde-div-738-461 bde-div\">\n              \n  \n  \n\t\n\n\n\n<div class=\"bde-div-738-462 bde-div\">\n  \n  \n\t\n\n\n\n<h2 class=\"bde-heading-738-463 bde-heading\">\nPourquoi choisir ino cx\n<\/h2><div class=\"bde-text-738-464 bde-text\">\nChez INO, notre force vient de nos \u00e9quipes. Nos valeurs traduisent notre engagement \u00e0 cr\u00e9er un environnement o\u00f9 chacun se sent respect\u00e9, soutenu et encourag\u00e9 \u00e0 s\u2019\u00e9panouir.<br>\n<\/div>\n<\/div><div class=\"bde-grid-738-501 bde-grid\">\n  \n  \n\t\n\n\n\n<div class=\"bde-icon-box-738-502 bde-icon-box\">\n\n    \n            <div class=\"ee-iconbox-icon breakdance-icon-atom\" >\n    \n                    <svg xmlns=\"http:\/\/www.w3.org\/2000\/svg\" width=\"31\" height=\"30\" viewbox=\"0 0 31 30\" fill=\"none\">\r\n<path d=\"M17.625 27.125H13.75C13.4931 27.125 13.2467 27.2271 13.065 27.4088C12.8833 27.5904 12.7813 27.8368 12.7813 28.0938C12.7813 28.3507 12.8833 28.5971 13.065 28.7788C13.2467 28.9605 13.4931 29.0625 13.75 29.0625H17.625C17.882 29.0625 18.1284 28.9605 18.31 28.7788C18.4917 28.5971 18.5938 28.3507 18.5938 28.0938C18.5938 27.8368 18.4917 27.5904 18.31 27.4088C18.1284 27.2271 17.882 27.125 17.625 27.125ZM18.5938 24.2188H12.7813C12.5243 24.2188 12.2779 24.3208 12.0963 24.5025C11.9146 24.6842 11.8125 24.9306 11.8125 25.1875C11.8125 25.4445 11.9146 25.6909 12.0963 25.8725C12.2779 26.0542 12.5243 26.1563 12.7813 26.1563H18.5938C18.8507 26.1563 19.0971 26.0542 19.2788 25.8725C19.4605 25.6909 19.5625 25.4445 19.5625 25.1875C19.5625 24.9306 19.4605 24.6842 19.2788 24.5025C19.0971 24.3208 18.8507 24.2188 18.5938 24.2188ZM22.5548 2.82696C20.7341 1.00389 18.2953 2.74547e-05 15.6875 2.74547e-05C14.4145 -0.00300682 13.1534 0.245497 11.9767 0.731264C10.8 1.21703 9.73084 1.93049 8.83066 2.83066C7.93049 3.73084 7.21703 4.79998 6.73126 5.97669C6.2455 7.15341 5.99699 8.4145 6.00003 9.68753C6.00003 12.5102 7.082 15.1507 8.96682 16.9314L9.23081 17.179C10.3213 18.1986 11.8125 19.5954 11.8125 20.8282V22.2813C11.8125 22.5382 11.9146 22.7846 12.0963 22.9663C12.2779 23.148 12.5243 23.25 12.7813 23.25H14.2344C14.3629 23.25 14.4861 23.199 14.5769 23.1082C14.6677 23.0173 14.7188 22.8941 14.7188 22.7657V15.6708C14.7188 15.5728 14.6891 15.4772 14.6337 15.3964C14.5782 15.3157 14.4996 15.2536 14.4082 15.2185C13.8488 14.9903 13.3173 14.6988 12.8243 14.3496C12.7135 14.2789 12.6182 14.1863 12.5443 14.0776C12.4705 13.9688 12.4195 13.8462 12.3945 13.7171C12.3696 13.588 12.3711 13.4552 12.3991 13.3267C12.4272 13.1983 12.481 13.0769 12.5575 12.9699C12.6339 12.8629 12.7313 12.7727 12.8438 12.7045C12.9562 12.6364 13.0814 12.5919 13.2116 12.5737C13.3418 12.5555 13.4743 12.564 13.6011 12.5987C13.728 12.6334 13.8464 12.6935 13.9492 12.7754C14.3973 13.0927 15.2601 13.5625 15.6875 13.5625C16.115 13.5625 16.9778 13.0915 17.427 12.7754C17.6362 12.6439 17.8877 12.5973 18.1302 12.6451C18.3726 12.693 18.5876 12.8316 18.7311 13.0327C18.8747 13.2338 18.936 13.4822 18.9024 13.727C18.8689 13.9718 18.7431 14.1945 18.5508 14.3496C18.0576 14.6981 17.5262 14.989 16.9669 15.2167C16.8754 15.2518 16.7968 15.3138 16.7414 15.3946C16.6859 15.4753 16.6562 15.571 16.6563 15.669V22.7657C16.6563 22.8941 16.7073 23.0173 16.7981 23.1082C16.889 23.199 17.0122 23.25 17.1407 23.25H18.5938C18.8507 23.25 19.0971 23.148 19.2788 22.9663C19.4605 22.7846 19.5625 22.5382 19.5625 22.2813V20.8282C19.5625 19.6245 21.0374 18.2289 22.1146 17.2093L22.4119 16.9271C24.3506 15.0762 25.375 12.5702 25.375 9.68753C25.3814 8.41438 25.1355 7.15257 24.6514 5.97502C24.1674 4.79746 23.4547 3.72751 22.5548 2.82696Z\" fill=\"#FC655D\"\/>\r\n<\/svg>\n        \n        \n        \n            <\/div>\n    \n\n<div class=\"ee-iconbox-content\">\n      <h3 class=\"ee-iconbox-title bde-h3\" >Innovation<\/h3>\n        <div class=\"ee-iconbox-text\" >Nous repoussons les limites pour cr\u00e9er des solutions qui r\u00e9inventent l\u2019exp\u00e9rience client et collaborateur, en alliant progr\u00e8s et cr\u00e9ativit\u00e9.<\/div>\n    <\/div>\n\n<\/div><div class=\"bde-icon-box-738-506 bde-icon-box\">\n\n    \n            <div class=\"ee-iconbox-icon breakdance-icon-atom\" >\n    \n                    <svg xmlns=\"http:\/\/www.w3.org\/2000\/svg\" width=\"31\" height=\"30\" viewbox=\"0 0 31 30\" fill=\"none\">\r\n<path d=\"M28 28.875C28 29.1734 27.882 29.4595 27.6719 29.6705C27.4619 29.8815 27.177 30 26.8799 30H4.12007C3.82301 30 3.53812 29.8815 3.32806 29.6705C3.11801 29.4595 3 29.1734 3 28.875C3 22.725 9.72043 17.955 15.5 17.955C21.2796 17.955 28 22.725 28 28.875ZM23.1165 7.665C23.1135 9.17738 22.6643 10.655 21.8256 11.911C20.9869 13.1671 19.7964 14.1453 18.4044 14.722C17.0124 15.2987 15.4814 15.448 14.005 15.1512C12.5285 14.8543 11.1728 14.1245 10.1091 13.0541C9.04538 11.9836 8.32146 10.6205 8.02879 9.13693C7.73611 7.65339 7.88781 6.116 8.46472 4.71902C9.04163 3.32204 10.0179 2.12815 11.2701 1.28822C12.5223 0.448292 13.9942 2.90732e-06 15.5 0C17.5214 0.00397317 19.4586 0.813287 20.8866 2.25032C22.3145 3.68736 23.1165 5.63471 23.1165 7.665Z\" fill=\"#FC655D\"\/>\r\n<\/svg>\n        \n        \n        \n            <\/div>\n    \n\n<div class=\"ee-iconbox-content\">\n      <h3 class=\"ee-iconbox-title bde-h3\" >Humain<\/h3>\n        <div class=\"ee-iconbox-text\" >Les relations humaines sont au c\u0153ur de tout ce que nous faisons. Nous encourageons le respect, l\u2019inclusion et la collaboration pour favoriser l\u2019\u00e9panouissement individuel.<\/div>\n    <\/div>\n\n<\/div><div class=\"bde-icon-box-738-507 bde-icon-box\">\n\n    \n            <div class=\"ee-iconbox-icon breakdance-icon-atom\" >\n    \n                    <svg xmlns=\"http:\/\/www.w3.org\/2000\/svg\" width=\"31\" height=\"30\" viewbox=\"0 0 31 30\" fill=\"none\">\r\n<g clip-path=\"url(#clip0_663_1854)\">\r\n<path d=\"M22.9315 0H17.0491V6.08852C19.154 6.32475 21.1719 7.07549 22.9315 8.27703V0ZM14.108 0H8.22559V8.27703C9.98523 7.07549 12.0031 6.32475 14.108 6.08852V0Z\" fill=\"#FC655D\"\/>\r\n<path d=\"M15.5783 30.0001C18.3085 30.0001 20.9269 28.8938 22.8574 26.9247C24.7879 24.9555 25.8725 22.2848 25.8725 19.5C25.8725 16.7153 24.7879 14.0445 22.8574 12.0754C20.9269 10.1063 18.3085 9 15.5783 9C12.8482 9 10.2298 10.1063 8.29927 12.0754C6.36874 14.0445 5.28418 16.7153 5.28418 19.5C5.28418 22.2848 6.36874 24.9555 8.29927 26.9247C10.2298 28.8938 12.8482 30.0001 15.5783 30.0001ZM13.7769 17.2215L15.5783 13.5L17.3798 17.2215L21.4063 17.817L18.4931 20.715L19.1813 24.8056L15.5783 22.8751L11.9769 24.8056L12.6651 20.715L9.75184 17.817L13.7769 17.2215Z\" fill=\"#FC655D\"\/>\r\n<\/g>\r\n<defs>\r\n<clippath id=\"clip0_663_1854\">\r\n<rect width=\"30\" height=\"30\" fill=\"white\" transform=\"translate(0.5)\"\/>\r\n<\/clippath>\r\n<\/defs>\r\n<\/svg>\n        \n        \n        \n            <\/div>\n    \n\n<div class=\"ee-iconbox-content\">\n      <h3 class=\"ee-iconbox-title bde-h3\" >Excellence<\/h3>\n        <div class=\"ee-iconbox-text\" >Nous visons les plus hauts standards de qualit\u00e9, d\u2019int\u00e9grit\u00e9 et de fiabilit\u00e9, pour des r\u00e9sultats durables et des relations de confiance.<\/div>\n    <\/div>\n\n<\/div>\n<\/div><div class=\"bde-button-738-478 bde-button\">\n    \n                                    \n    \n    \n    \n    \n            \n                    \n            \n            \n\n    \n    \n    \n    \n    \n    <a class=\"breakdance-link button-atom button-atom--primary bde-button__button\" href=\"#Positions\" target=\"_self\" data-type=\"url\"  >\n\n    \n        <span class=\"button-atom__text\">Rejoindre notre \u00e9quipe<\/span>\n\n        \n        \n                <\/a>\n\n    \n\n\n<\/div>\n<\/div><\/div>\n<\/section><section class=\"bde-section-738-542 bde-section\">\n  \n  \n\t\n\n\n\n<div class=\"section-container\"><div class=\"bde-div-738-543 bde-div\">\n  \n  \n\t\n\n\n\n<h2 id=\"Positions\" class=\"bde-heading-738-544 bde-heading\">\nPostes \u00e0 pourvoir : <br>Votre prochaine opportunit\u00e9 vous attend\n<\/h2><div class=\"bde-text-738-545 bde-text\">\nPr\u00eat(e) \u00e0 faire la diff\u00e9rence ? D\u00e9couvrez des opportunit\u00e9s de carri\u00e8re stimulantes chez INO CX et rejoignez une \u00e9quipe d\u2019innovateurs qui fa\u00e7onnent l\u2019avenir de l\u2019exp\u00e9rience client. Que vous soyez passionn\u00e9 de technologie, cr\u00e9atif dans le marketing ou strat\u00e8ge dans l\u2019\u00e2me, nous avons une place pour vous. Donnez un nouvel \u00e9lan \u00e0 votre carri\u00e8re et grandissez avec nous !\n<\/div>\n<\/div><div class=\"bde-div-738-546 bde-div\">\n  \n  \n\t\n\n\n\n<div class=\"bde-div-738-548 bde-div\">\n  \n  \n\t\n\n\n\n<h3 class=\"bde-heading-738-550 bde-heading\">\nChef de projet\n<\/h3><div class=\"bde-text-738-551 bde-text\">\n34470 P\u00e9rols, France<br>Travail hybride\n<\/div><a class=\"bde-container-link-738-552 bde-container-link breakdance-link\" href=\"https:\/\/fr.indeed.com\/job\/chef-de-projet-fonctionnel-hf-ea15809348c53ecc\" target=\"_blank\" data-type=\"url\">\n  \n  \n\t\n\n\n\n<div class=\"bde-text-738-553 bde-text\">\nEn savoir plus\n<\/div><div class=\"bde-icon-738-554 bde-icon\">\n\n    \n            <div class=\"bde-icon-icon breakdance-icon-atom\" >\n    \n                    <svg xmlns=\"http:\/\/www.w3.org\/2000\/svg\" viewbox=\"0 0 512 512\"><!--! Font Awesome Free 6.5.1 by @fontawesome - https:\/\/fontawesome.com License - https:\/\/fontawesome.com\/license\/free (Icons: CC BY 4.0, Fonts: SIL OFL 1.1, Code: MIT License) Copyright 2023 Fonticons, Inc. --><path d=\"M0 256a256 256 0 1 0 512 0A256 256 0 1 0 0 256zM281 385c-9.4 9.4-24.6 9.4-33.9 0s-9.4-24.6 0-33.9l71-71L136 280c-13.3 0-24-10.7-24-24s10.7-24 24-24l182.1 0-71-71c-9.4-9.4-9.4-24.6 0-33.9s24.6-9.4 33.9 0L393 239c9.4 9.4 9.4 24.6 0 33.9L281 385z\"\/><\/svg>\n        \n        \n        \n            <\/div>\n    \n\n\n<\/div>\n\n<\/a>\n<\/div>\n<\/div><div class=\"bde-text-738-611 bde-text\">\nVous ne trouvez pas le poste qui vous correspond ? Envoyez-nous votre CV et dites-nous comment vous pouvez faire la diff\u00e9rence chez INO CX !\n<\/div><div class=\"bde-button-738-612 bde-button\">\n    \n                                    \n    \n    \n    \n    \n            \n                    \n            \n            \n\n    \n    \n    \n    \n    \n    <a class=\"breakdance-link button-atom button-atom--primary bde-button__button\" href=\"https:\/\/www.ino.global\/fr\/contactez-nous\/#contact_us\" target=\"_self\" data-type=\"url\"  >\n\n    \n        <span class=\"button-atom__text\">Candidature spontan\u00e9e<\/span>\n\n        \n        \n                <\/a>\n\n    \n\n\n<\/div><\/div>\n<\/section><div class=\"bde-globalblock-738-508 bde-globalblock\"><div class='breakdance'><section class=\"bde-section-685-100-685-1 bde-section bde-section-685-100\">\n  \n  \n\t\n\n\n\n<div class=\"section-container\"><div class=\"bde-div-685-101-685-1 bde-div bde-div-685-101\">\n              \n  \n  \n\t\n\n\n\n<div class=\"bde-div-685-102-685-1 bde-div bde-div-685-102\">\n  \n  \n\t\n\n\n\n\n<\/div><div class=\"bde-div-685-104-685-1 bde-div bde-div-685-104\">\n  \n  \n\t\n\n\n\n<div class=\"bde-post-loop-685-105-685-1 bde-post-loop bde-post-loop-685-105\"><div class=\"breakdance-swiper-wrapper\" data-swiper-id=\"105\"><div class=\"swiper\"><div class=\"bde-loop bde-loop-slider ee-posts ee-posts-slider swiper-wrapper\">    <div class=\"bde-loop-item ee-post swiper-slide\">\n        <div class='breakdance'><div class=\"bde-div-270-100-30698-270-1 bde-div bde-div-270-100\">\n  \n  \n\t\n\n\n\n<img decoding=\"async\" class=\"bde-image2-270-101-30698-270-1 bde-image2 bde-image2-270-101\" src=\"https:\/\/www.ino.global\/wp-content\/uploads\/2025\/05\/logo_tiko.png\" loading=\"lazy\" srcset=\"https:\/\/www.ino.global\/wp-content\/uploads\/2025\/05\/logo_tiko.png 1200w, https:\/\/www.ino.global\/wp-content\/uploads\/2025\/05\/logo_tiko-300x150.png 300w, https:\/\/www.ino.global\/wp-content\/uploads\/2025\/05\/logo_tiko-1024x512.png 1024w, https:\/\/www.ino.global\/wp-content\/uploads\/2025\/05\/logo_tiko-768x384.png 768w, https:\/\/www.ino.global\/wp-content\/uploads\/2025\/05\/logo_tiko-18x9.png 18w\" sizes=\"(max-width: 1200px) 100vw, 1200px\"><div class=\"bde-rich-text-270-102-30698-270-1 bde-rich-text bde-rich-text-270-102 breakdance-rich-text-styles\">\n<p>Chez Tiko, rester proche de nos utilisateurs et am\u00e9liorer leur satisfaction est notre priorit\u00e9. C\u2019est exactement ce que nous permet Ino CX.<\/p>\n\n<\/div><div class=\"bde-div-270-103-30698-270-1 bde-div bde-div-270-103\">\n  \n  \n\t\n\n\n\n<div class=\"bde-text-270-105-30698-270-1 bde-text bde-text-270-105\">\nAurore FLACH\n<\/div><div class=\"bde-text-270-106-30698-270-1 bde-text bde-text-270-106\">\nDirectrice de la relation client chez tiko\n<\/div>\n<\/div>\n<\/div><\/div>    <\/div>\n    <div class=\"bde-loop-item ee-post swiper-slide\">\n        <div class='breakdance'><div class=\"bde-div-270-100-30697-270-1 bde-div bde-div-270-100\">\n  \n  \n\t\n\n\n\n<img decoding=\"async\" class=\"bde-image2-270-101-30697-270-1 bde-image2 bde-image2-270-101\" src=\"https:\/\/www.ino.global\/wp-content\/uploads\/2025\/05\/logo_Securitas-Technology.png\" loading=\"lazy\" srcset=\"https:\/\/www.ino.global\/wp-content\/uploads\/2025\/05\/logo_Securitas-Technology.png 400w, https:\/\/www.ino.global\/wp-content\/uploads\/2025\/05\/logo_Securitas-Technology-300x150.png 300w, https:\/\/www.ino.global\/wp-content\/uploads\/2025\/05\/logo_Securitas-Technology-18x9.png 18w\" sizes=\"(max-width: 400px) 100vw, 400px\"><div class=\"bde-rich-text-270-102-30697-270-1 bde-rich-text bde-rich-text-270-102 breakdance-rich-text-styles\">\n<div class=\"bde-rich-text-1010-147 bde-rich-text breakdance-rich-text-styles\">\n<p>La flexibilit\u00e9 d\u2019INO CX et ses capacit\u00e9s de routage avanc\u00e9es nous ont permis de g\u00e9rer notre transition en toute fluidit\u00e9, de gagner en r\u00e9activit\u00e9 et d\u2019am\u00e9liorer la satisfaction client.<\/p>\n<\/div>\n\n<\/div><div class=\"bde-div-270-103-30697-270-1 bde-div bde-div-270-103\">\n  \n  \n\t\n\n\n\n<div class=\"bde-text-270-105-30697-270-1 bde-text bde-text-270-105\">\nOlivier COUDERT\n<\/div><div class=\"bde-text-270-106-30697-270-1 bde-text bde-text-270-106\">\nResponsable support technique chez Securitas Technology France\n<\/div>\n<\/div>\n<\/div><\/div>    <\/div>\n    <div class=\"bde-loop-item ee-post swiper-slide\">\n        <div class='breakdance'><div class=\"bde-div-270-100-871-270-1 bde-div bde-div-270-100\">\n  \n  \n\t\n\n\n\n<img decoding=\"async\" class=\"bde-image2-270-101-871-270-1 bde-image2 bde-image2-270-101\" src=\"https:\/\/www.ino.global\/wp-content\/uploads\/2025\/05\/logo_O2.png\" loading=\"lazy\" srcset=\"https:\/\/www.ino.global\/wp-content\/uploads\/2025\/05\/logo_O2.png 400w, https:\/\/www.ino.global\/wp-content\/uploads\/2025\/05\/logo_O2-300x150.png 300w, https:\/\/www.ino.global\/wp-content\/uploads\/2025\/05\/logo_O2-18x9.png 18w\" sizes=\"(max-width: 400px) 100vw, 400px\"><div class=\"bde-rich-text-270-102-871-270-1 bde-rich-text bde-rich-text-270-102 breakdance-rich-text-styles\">\n<p><span style=\"font-weight: 400;\">INO CX est l\u2019un des outils les plus agiles et performants que j\u2019aie pu tester. J\u2019ai aussi ador\u00e9 la collaboration avec les \u00e9quipes \u2014 c\u2019\u00e9tait tout simplement exceptionnel. Rien que pour \u00e7a, je recommanderais INO \u00e0 tous mes pairs !<\/span><\/p>\n\n<\/div><div class=\"bde-div-270-103-871-270-1 bde-div bde-div-270-103\">\n  \n  \n\t\n\n\n\n<div class=\"bde-text-270-105-871-270-1 bde-text bde-text-270-105\">\nVanina POIRIER\n<\/div><div class=\"bde-text-270-106-871-270-1 bde-text bde-text-270-106\">\nDirectrice du service client de O2 Care Services\n<\/div>\n<\/div>\n<\/div><\/div>    <\/div>\n    <div class=\"bde-loop-item ee-post swiper-slide\">\n        <div class='breakdance'><div class=\"bde-div-270-100-874-270-1 bde-div bde-div-270-100\">\n  \n  \n\t\n\n\n\n<img decoding=\"async\" class=\"bde-image2-270-101-874-270-1 bde-image2 bde-image2-270-101\" src=\"https:\/\/www.ino.global\/wp-content\/uploads\/2025\/05\/logo_UMR.png\" loading=\"lazy\" srcset=\"https:\/\/www.ino.global\/wp-content\/uploads\/2025\/05\/logo_UMR.png 400w, https:\/\/www.ino.global\/wp-content\/uploads\/2025\/05\/logo_UMR-300x150.png 300w, https:\/\/www.ino.global\/wp-content\/uploads\/2025\/05\/logo_UMR-18x9.png 18w\" sizes=\"(max-width: 400px) 100vw, 400px\"><div class=\"bde-rich-text-270-102-874-270-1 bde-rich-text bde-rich-text-270-102 breakdance-rich-text-styles\">\n<p>INO GLOBAL incarne le professionnalisme, la r\u00e9activit\u00e9 et une approche centr\u00e9e sur le client. J\u2019appr\u00e9cie particuli\u00e8rement leur accompagnement de proximit\u00e9 et leur capacit\u00e9 d\u2019\u00e9coute.<\/p>\n\n<\/div><div class=\"bde-div-270-103-874-270-1 bde-div bde-div-270-103\">\n  \n  \n\t\n\n\n\n<div class=\"bde-text-270-105-874-270-1 bde-text bde-text-270-105\">\nGu\u00e9na\u00ebl REGNIER\n<\/div><div class=\"bde-text-270-106-874-270-1 bde-text bde-text-270-106\">\nResponsable relation adh\u00e9rents UMR\n<\/div>\n<\/div>\n<\/div><\/div>    <\/div>\n<\/div><\/div>\n            <div class=\"swiper-button-prev\">\n            <svg xmlns=\"http:\/\/www.w3.org\/2000\/svg\" viewbox=\"0 0 320 512\"><!--! Font Awesome Free 6.5.1 by @fontawesome - https:\/\/fontawesome.com License - https:\/\/fontawesome.com\/license\/free (Icons: CC BY 4.0, Fonts: SIL OFL 1.1, Code: MIT License) Copyright 2023 Fonticons, Inc. --><path d=\"M41.4 233.4c-12.5 12.5-12.5 32.8 0 45.3l160 160c12.5 12.5 32.8 12.5 45.3 0s12.5-32.8 0-45.3L109.3 256 246.6 118.6c12.5-12.5 12.5-32.8 0-45.3s-32.8-12.5-45.3 0l-160 160z\"\/><\/svg>\n        <\/div>\n        <div class=\"swiper-button-next\">\n            <svg xmlns=\"http:\/\/www.w3.org\/2000\/svg\" viewbox=\"0 0 320 512\"><!--! Font Awesome Free 6.5.1 by @fontawesome - https:\/\/fontawesome.com License - https:\/\/fontawesome.com\/license\/free (Icons: CC BY 4.0, Fonts: SIL OFL 1.1, Code: MIT License) Copyright 2023 Fonticons, Inc. --><path d=\"M278.6 233.4c12.5 12.5 12.5 32.8 0 45.3l-160 160c-12.5 12.5-32.8 12.5-45.3 0s-12.5-32.8 0-45.3L210.7 256 73.4 118.6c-12.5-12.5-12.5-32.8 0-45.3s32.8-12.5 45.3 0l160 160z\"\/><\/svg>\n        <\/div>\n    \n            <div class=\"swiper-pagination\"><\/div>\n    \n<\/div>\r\n<\/div>\n<\/div>\n<\/div><\/div>\n<\/section><\/div><\/div><\/div>","protected":false},"excerpt":{"rendered":"<p>Accueil Empower Innovation,Drive Change At INO CX, we\u2019re not just building solutions\u2014we\u2019re shaping the future of customer experience. Join a team where creativity meets technology, and every idea has the potential to make an impact. Be part of a global movement delivering exceptional experiences for clients and collaborators alike. Explore careers Empowering People, Inspiring Growth [&hellip;]<\/p>\n","protected":false},"author":1,"featured_media":1483,"parent":0,"menu_order":0,"comment_status":"closed","ping_status":"closed","template":"","meta":{"_acf_changed":false,"_seopress_robots_primary_cat":"","_seopress_titles_title":"Careers at INO CX | Join Our Customer Experience Innovation Team","_seopress_titles_desc":"Ready to shape the future of customer experience? Explore career opportunities at INO CX and join a team driven by innovation, collaboration, and impact.","_seopress_robots_index":"","_breakdance_hide_in_design_set":false,"_breakdance_tags":"","footnotes":""},"class_list":["post-738","page","type-page","status-publish","has-post-thumbnail","hentry"],"acf":[],"_links":{"self":[{"href":"https:\/\/www.ino.global\/fr\/wp-json\/wp\/v2\/pages\/738","targetHints":{"allow":["GET"]}}],"collection":[{"href":"https:\/\/www.ino.global\/fr\/wp-json\/wp\/v2\/pages"}],"about":[{"href":"https:\/\/www.ino.global\/fr\/wp-json\/wp\/v2\/types\/page"}],"author":[{"embeddable":true,"href":"https:\/\/www.ino.global\/fr\/wp-json\/wp\/v2\/users\/1"}],"replies":[{"embeddable":true,"href":"https:\/\/www.ino.global\/fr\/wp-json\/wp\/v2\/comments?post=738"}],"version-history":[{"count":49,"href":"https:\/\/www.ino.global\/fr\/wp-json\/wp\/v2\/pages\/738\/revisions"}],"predecessor-version":[{"id":32542,"href":"https:\/\/www.ino.global\/fr\/wp-json\/wp\/v2\/pages\/738\/revisions\/32542"}],"wp:featuredmedia":[{"embeddable":true,"href":"https:\/\/www.ino.global\/fr\/wp-json\/wp\/v2\/media\/1483"}],"wp:attachment":[{"href":"https:\/\/www.ino.global\/fr\/wp-json\/wp\/v2\/media?parent=738"}],"curies":[{"name":"wp","href":"https:\/\/api.w.org\/{rel}","templated":true}]}}